{"id":1327,"date":"2020-09-23T15:43:42","date_gmt":"2020-09-23T13:43:42","guid":{"rendered":"https:\/\/2020.corlife.eu\/?page_id=1327"},"modified":"2025-01-17T14:06:34","modified_gmt":"2025-01-17T13:06:34","slug":"tissuebanks","status":"publish","type":"page","link":"https:\/\/corlife.eu\/en\/professionals\/tissuebanks\/","title":{"rendered":"Gewebe- und Entnahmeeinrichtungen"},"content":{"rendered":"<p><div class=\"fusion-fullwidth fullwidth-box fusion-builder-row-1 nonhundred-percent-fullwidth non-hundred-percent-height-scrolling fusion-equal-height-columns\" style=\"background-color: #ffffff;background-position: center center;background-repeat: no-repeat;padding-top:0px;padding-right:0px;padding-bottom:0px;padding-left:0px;margin-bottom: 0px;margin-top: -60px;border-width: 0px 0px 0px 0px;border-color:#e2e2e2;border-style:solid;\" ><div class=\"fusion-builder-row fusion-row\"><div class=\"fusion-layout-column fusion_builder_column fusion-builder-column-0 fusion_builder_column_1_1 1_1 fusion-one-full fusion-column-first fusion-column-last\" style=\"margin-top:0px;margin-bottom:0px;\"><div class=\"fusion-column-wrapper fusion-flex-column-wrapper-legacy\" style=\"background-position:left top;background-repeat:no-repeat;-webkit-background-size:cover;-moz-background-size:cover;-o-background-size:cover;background-size:cover;padding: 0px 0px 0px 0px;\"><style type=\"text\/css\">.fusion-breadcrumbs.fusion-breadcrumbs-1{font-size:18px;}.fusion-breadcrumbs.fusion-breadcrumbs-1 span a:hover{color:#003366 !important;}.fusion-breadcrumbs.fusion-breadcrumbs-1{color:rgba(0,51,102,0.32);}.fusion-breadcrumbs.fusion-breadcrumbs-1 a{color:rgba(0,51,102,0.32);}<\/style><div class=\"fusion-breadcrumbs fusion-breadcrumbs-1\"><span><span><a href=\"https:\/\/corlife.eu\/en\/\">Home<\/a><\/span><\/span><\/div><style type='text\/css'>.reading-box-container-1 .element-bottomshadow:before,.reading-box-container-1 .element-bottomshadow:after{opacity:0.7;}<\/style><div class=\"fusion-reading-box-container reading-box-container-1\" style=\"margin-top:0px;margin-bottom:20px;\"><div class=\"reading-box reading-box-center\" style=\"background-color:rgba(255,255,255,0);border-width:0px;border-color:rgba(226,226,226,0);border-style:solid;\"><h2><font color=\"#003366\"><b>Gewebe- und Entnahmeeinrichtungen<\/b><\/font><\/h2><\/div><\/div><div class=\"fusion-clearfix\"><\/div><\/div><\/div><\/div><\/div><div class=\"fusion-fullwidth fullwidth-box fusion-builder-row-2 nonhundred-percent-fullwidth non-hundred-percent-height-scrolling\" style=\"background-color: rgba(255,255,255,0);background-position: center center;background-repeat: no-repeat;padding-top:50px;padding-right:0px;padding-bottom:30px;padding-left:0px;margin-bottom: 0px;margin-top: 0px;border-width: 0px 0px 0px 0px;border-color:#e2e2e2;border-style:solid;\" ><div class=\"fusion-builder-row fusion-row\"><div class=\"fusion-layout-column fusion_builder_column fusion-builder-column-1 fusion_builder_column_1_1 1_1 fusion-one-full fusion-column-first fusion-column-last\" style=\"margin-top:0px;margin-bottom:20px;\"><div class=\"fusion-column-wrapper fusion-flex-column-wrapper-legacy\" style=\"background-position:left top;background-repeat:no-repeat;-webkit-background-size:cover;-moz-background-size:cover;-o-background-size:cover;background-size:cover;padding: 0px 0px 0px 0px;\"><div class=\"fusion-text fusion-text-1\"><h3 style=\"text-align: left;\">Unser Netzwerk<\/h3>\n<p class=\"p1\">Corlife arbeitet bereits seit Jahren mit etablierten Gewebe- und Entnahmeeinrichtungen zusammen und strebt an dieses Netzwerk auszubauen. Die Gewebeeinrichtung wird \u00fcber alle wichtigen Schritte der Bearbeitung informiert und kann \u00fcber die Allokation des Gewebes eigenst\u00e4ndig verf\u00fcgen. Corlife unterst\u00fctzt die Gewebeeinrichtung dabei gerne.<\/p>\n<p class=\"p1\">Jede Kooperation basiert auf einer schriftlichen Vereinbarung, die alle Details zur Zusammenarbeit, Entnahme und Kostenerstattung beschreibt. Jede Kooperation bedarf zus\u00e4tzlich einer Erlaubnis buw. Genehmigung durch unsere Beh\u00f6rden. Dies dient der Transparenz und der Sicherheit aller Beteiligten.<\/p>\n<h3>Die postmortale Gewebespende<\/h3>\n<p><img decoding=\"async\" class=\"lazyload size-fusion-600 wp-image-2611 alignnone\" src=\"https:\/\/corlife.eu\/wp-content\/uploads\/2022\/05\/Abschied-600x367.jpg\" data-orig-src=\"https:\/\/corlife.eu\/wp-content\/uploads\/2022\/05\/Abschied-600x367.jpg\" alt=\"\" width=\"600\" height=\"367\" srcset=\"data:image\/svg+xml,%3Csvg%20xmlns%3D%27http%3A%2F%2Fwww.w3.org%2F2000%2Fsvg%27%20width%3D%27600%27%20height%3D%27367%27%20viewBox%3D%270%200%20600%20367%27%3E%3Crect%20width%3D%27600%27%20height%3D%27367%27%20fill-opacity%3D%220%22%2F%3E%3C%2Fsvg%3E\" data-srcset=\"https:\/\/corlife.eu\/wp-content\/uploads\/2022\/05\/Abschied-18x12.jpg 18w, https:\/\/corlife.eu\/wp-content\/uploads\/2022\/05\/Abschied-200x122.jpg 200w, https:\/\/corlife.eu\/wp-content\/uploads\/2022\/05\/Abschied-300x183.jpg 300w, https:\/\/corlife.eu\/wp-content\/uploads\/2022\/05\/Abschied-400x245.jpg 400w, https:\/\/corlife.eu\/wp-content\/uploads\/2022\/05\/Abschied-600x367.jpg 600w, https:\/\/corlife.eu\/wp-content\/uploads\/2022\/05\/Abschied-800x489.jpg 800w, https:\/\/corlife.eu\/wp-content\/uploads\/2022\/05\/Abschied-1024x626.jpg 1024w, https:\/\/corlife.eu\/wp-content\/uploads\/2022\/05\/Abschied-1200x734.jpg 1200w, https:\/\/corlife.eu\/wp-content\/uploads\/2022\/05\/Abschied-1536x939.jpg 1536w, https:\/\/corlife.eu\/wp-content\/uploads\/2022\/05\/Abschied.jpg 1600w\" data-sizes=\"auto\" data-orig-sizes=\"(max-width: 600px) 100vw, 600px\" \/><\/p>\n<p class=\"p1\">Die postmortale Gewebespende l\u00e4sst Angeh\u00f6rigen viel Zeit f\u00fcr den Abschied. Zudem interferiert diese Form der Spende nicht mit der Organspende. Bei zellfreien Allografts kommt es nicht darauf an, die Zellvitalit\u00e4t zu erhalten. Daher eignet sich die postmortale Gewebespende sehr gut als Grundlage f\u00fcr zellfreie Allografts.<\/p>\n<p class=\"p1\">Es ist wichtig, fr\u00fchzeitig potentielle Spenderinnen und Spender zu erkennen, um rechtzeitig die unbedingt notwendige Autorisierung der Gewebespende einzuholen. Liegt die Autorisierung vor, entscheidet eine \u00c4rztin oder ein Arzt nach Anamnese und k\u00f6rperlicher Untersuchung, ob die medizinischen Voraussetzungen f\u00fcr eine Gewebespende gegeben sind.<\/p>\n<p><img decoding=\"async\" class=\"lazyload alignleft size-fusion-400 wp-image-2613\" src=\"https:\/\/corlife.eu\/wp-content\/uploads\/2022\/05\/Beratung-400x245.jpg\" data-orig-src=\"https:\/\/corlife.eu\/wp-content\/uploads\/2022\/05\/Beratung-400x245.jpg\" alt=\"\" width=\"400\" height=\"245\" srcset=\"data:image\/svg+xml,%3Csvg%20xmlns%3D%27http%3A%2F%2Fwww.w3.org%2F2000%2Fsvg%27%20width%3D%27400%27%20height%3D%27245%27%20viewBox%3D%270%200%20400%20245%27%3E%3Crect%20width%3D%27400%27%20height%3D%27245%27%20fill-opacity%3D%220%22%2F%3E%3C%2Fsvg%3E\" data-srcset=\"https:\/\/corlife.eu\/wp-content\/uploads\/2022\/05\/Beratung-18x12.jpg 18w, https:\/\/corlife.eu\/wp-content\/uploads\/2022\/05\/Beratung-200x122.jpg 200w, https:\/\/corlife.eu\/wp-content\/uploads\/2022\/05\/Beratung-300x183.jpg 300w, https:\/\/corlife.eu\/wp-content\/uploads\/2022\/05\/Beratung-400x245.jpg 400w, https:\/\/corlife.eu\/wp-content\/uploads\/2022\/05\/Beratung-600x367.jpg 600w, https:\/\/corlife.eu\/wp-content\/uploads\/2022\/05\/Beratung-800x489.jpg 800w, https:\/\/corlife.eu\/wp-content\/uploads\/2022\/05\/Beratung-1024x626.jpg 1024w, https:\/\/corlife.eu\/wp-content\/uploads\/2022\/05\/Beratung-1200x734.jpg 1200w, https:\/\/corlife.eu\/wp-content\/uploads\/2022\/05\/Beratung-1536x939.jpg 1536w, https:\/\/corlife.eu\/wp-content\/uploads\/2022\/05\/Beratung.jpg 1600w\" data-sizes=\"auto\" data-orig-sizes=\"(max-width: 400px) 100vw, 400px\" \/><\/p>\n<div class=\"page\" title=\"Page 1\">\n<div class=\"layoutArea\">\n<div class=\"column\">\n<p class=\"p1\">Die Gewebespende wird von geschulten Personen aseptisch entnommen und dokumentiert. Der K\u00f6rper wird w\u00fcrdevoll verschlossen und zur Bestattung \u00fcbergeben. Die Gewebespende wird aseptisch in einem Beh\u00e4lter versiegelt und gek\u00fchlt verpackt. Ein Kurierdienst holt die Versandeinheit in der Entnahmeeinrichtung ab. Die Gewebespende soll innerhalb von f\u00fcnf Tagen (post mortem) bei corlife eintreffen.<\/p>\n<div class=\"page\" title=\"Page 1\">\n<div class=\"layoutArea\">\n<div class=\"column\">\n<p>Die Kooperation basiert auf einer schriftlichen Vereinbarung, die alle Details zur Zusammenarbeit, Entnahme und Kostenerstattung beschreibt.<\/p>\n<div class=\"page\" title=\"Page 2\">\n<div class=\"layoutArea\">\n<div class=\"column\">\n<div class=\"page\" title=\"Page 2\">\n<div class=\"layoutArea\">\n<div class=\"column\">\n<div class=\"page\" title=\"Page 2\">\n<div class=\"layoutArea\">\n<div class=\"column\">\n<h4>Compliance<\/h4>\n<p class=\"p1\">Die Zusammenarbeit auf dem Gebiet der Gewebespende setzt Vertrauen, Professionalit\u00e4t, Transparenz und Kontrolle voraus:<\/p>\n<ul>\n<li class=\"li1\">Vertrauen: Bis heute haben uns Entnahmeeinrichtungen aus Deutschland, Europa und Japan mehr als 1.100 Gewebe anvertraut, mit denen wir verantwortlich umgegangen sind.<\/li>\n<li class=\"li1\">Professionalit\u00e4t: Die corlife ist auf die Zusammenarbeit mit neuen Entnahme- bzw. Gewebeeinrichtungen vorbereitet. Wir k\u00f6nnen viele praxiserprobte L\u00f6sungen anbieten und gehen auf individuelle Situationen ein. Corlife \u00fcbernimmt einen gro\u00dfen Anteil des administrativen Aufwands z.B. gegen\u00fcber den Beh\u00f6rden.<\/li>\n<li class=\"li1\">Transparenz: Wir informieren \u00fcber alle wesentlichen Schritte von der Entgegennahme bis zur Abgabe der Gewebe.<\/li>\n<li class=\"li1\">Fairness: Die corlife erstattet die Kosten der Entnahme.<\/li>\n<li class=\"li1\">Vertrauen ist gut, Kontrolle ist besser: Die corlife unterliegt, wie jede andere Gewebeeinrichtung, der staatlichen \u00dcberwachung. Dabei kontrollieren die Bundes- und die Landesbeh\u00f6rde, ob die zellfreien Allografts und der Betrieb von corlife den Regeln des Arzneimittel- und Transplantationsgesetzes, sowie der Arzneimittel- und Wirkstoffherstellungsverordnung entsprechen. Bisher gab es keine Beanstandungen.<\/li>\n<\/ul>\n<h4>Bessere Versorgung<\/h4>\n<p class=\"p1\">Nach Entgegennahme untersucht corlife die Gewebespende makroskopisch, histologisch und auf mikrobielle und virologische Kontaminationen. Die Gewebeanteile, die f\u00fcr die Transplantation geeignet sind, werden in einem aufw\u00e4ndigen Prozess von Zellen befreit und abschlie\u00dfend auf Zellfreiheit und Sterilit\u00e4t gepr\u00fcft.<\/p>\n<p><img decoding=\"async\" class=\"lazyload aligncenter size-fusion-800 wp-image-2622\" src=\"https:\/\/corlife.eu\/wp-content\/uploads\/2022\/05\/Dezellularisierung_Allokation-800x241.png\" data-orig-src=\"https:\/\/corlife.eu\/wp-content\/uploads\/2022\/05\/Dezellularisierung_Allokation-800x241.png\" alt=\"\" width=\"800\" height=\"241\" srcset=\"data:image\/svg+xml,%3Csvg%20xmlns%3D%27http%3A%2F%2Fwww.w3.org%2F2000%2Fsvg%27%20width%3D%27800%27%20height%3D%27241%27%20viewBox%3D%270%200%20800%20241%27%3E%3Crect%20width%3D%27800%27%20height%3D%27241%27%20fill-opacity%3D%220%22%2F%3E%3C%2Fsvg%3E\" data-srcset=\"https:\/\/corlife.eu\/wp-content\/uploads\/2022\/05\/Dezellularisierung_Allokation-18x5.png 18w, https:\/\/corlife.eu\/wp-content\/uploads\/2022\/05\/Dezellularisierung_Allokation-200x60.png 200w, https:\/\/corlife.eu\/wp-content\/uploads\/2022\/05\/Dezellularisierung_Allokation-300x91.png 300w, https:\/\/corlife.eu\/wp-content\/uploads\/2022\/05\/Dezellularisierung_Allokation-400x121.png 400w, https:\/\/corlife.eu\/wp-content\/uploads\/2022\/05\/Dezellularisierung_Allokation-600x181.png 600w, https:\/\/corlife.eu\/wp-content\/uploads\/2022\/05\/Dezellularisierung_Allokation-800x241.png 800w, https:\/\/corlife.eu\/wp-content\/uploads\/2022\/05\/Dezellularisierung_Allokation-1024x309.png 1024w, https:\/\/corlife.eu\/wp-content\/uploads\/2022\/05\/Dezellularisierung_Allokation-1200x362.png 1200w, https:\/\/corlife.eu\/wp-content\/uploads\/2022\/05\/Dezellularisierung_Allokation-1536x464.png 1536w\" data-sizes=\"auto\" data-orig-sizes=\"(max-width: 800px) 100vw, 800px\" \/><\/p>\n<p class=\"p1\">Sofern die Entnahme- oder Gewebeeinrichtung keinen Eigenbedarf anmeldet, teilt corlife die zellfreien Gewebe anhand nachvollziehbarer Regeln an Kliniken, vornehmlich in Deutschland, \u00d6sterreich und der Schweiz, zu. In jedem einzelnen Fall tr\u00e4gt die postmortale Gewebespende zur besseren Versorgung von Patientinnen und Patienten bei.<\/p>\n<\/div>\n<\/div>\n<\/div>\n<\/div>\n<\/div>\n<\/div>\n<\/div>\n<\/div>\n<\/div>\n<\/div>\n<\/div>\n<\/div>\n<\/div>\n<\/div>\n<\/div>\n<\/div><div class=\"fusion-clearfix\"><\/div><\/div><\/div><\/div><\/div><div class=\"fusion-fullwidth fullwidth-box fusion-builder-row-3 nonhundred-percent-fullwidth non-hundred-percent-height-scrolling\" style=\"background-color: rgba(255,255,255,0.5);background-position: center center;background-repeat: no-repeat;padding-top:0px;padding-right:0px;padding-bottom:0px;padding-left:0px;margin-bottom: 0px;margin-top: 0px;border-width: 0px 0px 0px 0px;border-color:#e2e2e2;border-style:solid;\" ><div class=\"fusion-builder-row fusion-row\"><div class=\"fusion-layout-column fusion_builder_column fusion-builder-column-2 fusion_builder_column_1_1 1_1 fusion-one-full fusion-column-first fusion-column-last\" style=\"margin-top:0px;margin-bottom:20px;\"><div class=\"fusion-column-wrapper fusion-flex-column-wrapper-legacy\" style=\"background-position:left top;background-repeat:no-repeat;-webkit-background-size:cover;-moz-background-size:cover;-o-background-size:cover;background-size:cover;padding: 0px 0px 0px 0px;\"><style type='text\/css'>.reading-box-container-2 .element-bottomshadow:before,.reading-box-container-2 .element-bottomshadow:after{opacity:0.7;}<\/style><div class=\"fusion-reading-box-container reading-box-container-2\" style=\"margin-top:0px;margin-bottom:20px;\"><div class=\"reading-box reading-box-center\" style=\"background-color:rgba(255,255,255,0);border-width:0px;border-color:rgba(226,226,226,0);border-style:solid;\"><h2><h3>Related Topics<\/h3><\/h2><\/div><\/div><div id=\"cfcontainer\">\n\n\n<div id=\"smallcf\">\n<div class=\"smalltextcontainer\">\n<h6><a href=\"\/en\/productinfo\/\">Product Information<\/a><\/h6><\/font>\n<\/div>\n <a href=\"\/en\/productinfo\/\"> <img decoding=\"async\" class=\"lazyload bottom\" src=\"data:image\/gif;base64,R0lGODlhAQABAAAAACH5BAEKAAEALAAAAAABAAEAAAICTAEAOw==\" data-orig-src=\"\/wp-content\/uploads\/2020\/11\/implantskachel2color.jpg\" \/>\n  <img decoding=\"async\" class=\"lazyload top\" src=\"data:image\/gif;base64,R0lGODlhAQABAAAAACH5BAEKAAEALAAAAAABAAEAAAICTAEAOw==\" data-orig-src=\"\/wp-content\/uploads\/2020\/11\/implantskachel2mono.jpg\" \/><\/a>\n\n<\/div>\n\n<div id=\"buttonbox\">\n<a href=\"\/en\/xellfree\/\"><button class=\"outlinerbutton\">Xellfree<sup>\u00ae<\/sup><\/button><\/a>\n\n<a href=\"\/en\/compliance\/\"><button class=\"outlinerbutton\">Compliance<\/button><\/a>\n<\/div>\n<a href=\"\/en\/order\/\"><button class=\"outlinerbutton\">Order<\/button><\/a>\n<\/div>\n\n<style>\n#buttonbox {width:660px;\n  margin:auto;}\n\n.outlinerbutton { float:left;  background-color: #003366;   border: none; width:300px;   color: white; height:60px;  padding:0px;   text-align: center;   text-decoration: none;   display: inline-block;   font-size: 18px;  font-weight:normal !important; margin: 0px 10px 10px 10px;   transition-duration: 0.4s;   cursor: pointer;  } \n.outlinerbutton {   background-color: white;    color: #003366;    border: 2px solid #003366; }  \n\n.outlinerbutton:hover {   background-color: #003366;   color: white; }  <\/style>\n\n\n\n\n\n\n<\/div>\n<style>\n\n#cfcontainer{width:640px;\nmargin: 0 auto;}\n\n#smallcf {float:left;\n  position:relative;\n  height:200px;\n  width:300px;\n margin:0px 10px 20px 10px;\n}\n\n\n#smallcf img {\n  position:absolute;\n  left:0;\n  -webkit-transition: opacity 1s ease-in-out;\n  -moz-transition: opacity 0.5s ease-in-out;\n  -o-transition: opacity 0.5s ease-in-out;\n  transition: opacity 0.5s ease-in-out;\n}\n\n#smallcf img.top:hover {\n  opacity:0;\n}\n\nh6, h6 a{font-size:18px;\n  color: #fff !important;\n  margin: 0 auto;\n}\n\nh3, h3 a:hover{\n \n}\n\n.smalltextcontainer{\nposition:absolute;\nmargin-top:150px;\n  text-align:center;\n  z-index:2;\n  width:300px;\n  pointer-events:none;\n}\n<\/style><div class=\"fusion-clearfix\"><\/div><\/div><\/div><\/div><\/div><div class=\"fusion-fullwidth fullwidth-box fusion-builder-row-4 nonhundred-percent-fullwidth non-hundred-percent-height-scrolling fusion-equal-height-columns\" style=\"background-color: rgba(255,255,255,0.5);background-position: center center;background-repeat: no-repeat;padding-top:40px;padding-right:0px;padding-bottom:40px;padding-left:0px;margin-bottom: 0px;margin-top: 0px;border-width: 0px 0px 0px 0px;border-color:#e2e2e2;border-style:solid;\" ><div class=\"fusion-builder-row fusion-row\"><div class=\"fusion-layout-column fusion_builder_column fusion-builder-column-3 fusion_builder_column_1_4 1_4 fusion-one-fourth fusion-column-first\" style=\"width:25%;width:calc(25% - ( ( 4% + 4% ) * 0.25 ) );margin-right: 4%;margin-top:0px;margin-bottom:20px;\"><div class=\"fusion-column-wrapper fusion-flex-column-wrapper-legacy\" style=\"background-position:left top;background-repeat:no-repeat;-webkit-background-size:cover;-moz-background-size:cover;-o-background-size:cover;background-size:cover;padding: 0px 0px 0px 0px;\"><div class=\"fusion-clearfix\"><\/div><\/div><\/div><div class=\"fusion-layout-column fusion_builder_column fusion-builder-column-4 fusion_builder_column_1_2 1_2 fusion-one-half\" style=\"width:50%;width:calc(50% - ( ( 4% + 4% ) * 0.5 ) );margin-right: 4%;margin-top:0px;margin-bottom:20px;\"><div class=\"fusion-column-wrapper fusion-flex-column-wrapper-legacy\" style=\"background-position:left top;background-repeat:no-repeat;-webkit-background-size:cover;-moz-background-size:cover;-o-background-size:cover;background-size:cover;padding: 20px 0px 0px 0px;\"><div id=\"buttonboxq\">\n<a href=\"\/en\/contact\/\"><button class=\"outlinerbuttonq\">Connect<\/button><\/a>\n\n<div class=\"fusion-clearfix\"><\/div><\/div><\/div><div class=\"fusion-layout-column fusion_builder_column fusion-builder-column-5 fusion_builder_column_1_4 1_4 fusion-one-fourth fusion-column-last\" style=\"width:25%;width:calc(25% - ( ( 4% + 4% ) * 0.25 ) );margin-top:0px;margin-bottom:20px;\"><div class=\"fusion-column-wrapper fusion-flex-column-wrapper-legacy\" style=\"background-position:left top;background-repeat:no-repeat;-webkit-background-size:cover;-moz-background-size:cover;-o-background-size:cover;background-size:cover;padding: 0px 0px 0px 0px;\"><div class=\"fusion-clearfix\"><\/div><\/div><\/div><\/div><\/div><\/p>","protected":false},"excerpt":{"rendered":"","protected":false},"author":2,"featured_media":0,"parent":230,"menu_order":0,"comment_status":"closed","ping_status":"closed","template":"100-width.php","meta":{"footnotes":""},"class_list":["post-1327","page","type-page","status-publish","hentry"],"yoast_head":"<!-- This site is optimized with the Yoast SEO plugin v26.4 - https:\/\/yoast.com\/wordpress\/plugins\/seo\/ -->\n<title>Gewebe- und Entnahmeeinrichtungen - corlife<\/title>\n<meta name=\"robots\" content=\"index, follow, max-snippet:-1, max-image-preview:large, max-video-preview:-1\" \/>\n<link rel=\"canonical\" href=\"https:\/\/corlife.eu\/en\/professionals\/tissuebanks\/\" \/>\n<meta property=\"og:locale\" content=\"en_GB\" \/>\n<meta property=\"og:type\" content=\"article\" \/>\n<meta property=\"og:title\" content=\"Gewebe- und Entnahmeeinrichtungen - corlife\" \/>\n<meta property=\"og:url\" content=\"https:\/\/corlife.eu\/en\/professionals\/tissuebanks\/\" \/>\n<meta property=\"og:site_name\" content=\"corlife\" \/>\n<meta property=\"article:modified_time\" content=\"2025-01-17T13:06:34+00:00\" \/>\n<meta property=\"og:image\" content=\"https:\/\/corlife.eu\/wp-content\/uploads\/2022\/05\/Abschied.jpg\" \/>\n\t<meta property=\"og:image:width\" content=\"1600\" \/>\n\t<meta property=\"og:image:height\" content=\"978\" \/>\n\t<meta property=\"og:image:type\" content=\"image\/jpeg\" \/>\n<meta name=\"twitter:card\" content=\"summary_large_image\" \/>\n<meta name=\"twitter:label1\" content=\"Estimated reading time\" \/>\n\t<meta name=\"twitter:data1\" content=\"5 minutes\" \/>\n<script type=\"application\/ld+json\" class=\"yoast-schema-graph\">{\"@context\":\"https:\/\/schema.org\",\"@graph\":[{\"@type\":\"WebPage\",\"@id\":\"https:\/\/corlife.eu\/professionals\/tissuebanks\/\",\"url\":\"https:\/\/corlife.eu\/professionals\/tissuebanks\/\",\"name\":\"Gewebe- und Entnahmeeinrichtungen - corlife\",\"isPartOf\":{\"@id\":\"https:\/\/corlife.eu\/#website\"},\"primaryImageOfPage\":{\"@id\":\"https:\/\/corlife.eu\/professionals\/tissuebanks\/#primaryimage\"},\"image\":{\"@id\":\"https:\/\/corlife.eu\/professionals\/tissuebanks\/#primaryimage\"},\"thumbnailUrl\":\"https:\/\/corlife.eu\/wp-content\/uploads\/2022\/05\/Abschied-600x367.jpg\",\"datePublished\":\"2020-09-23T13:43:42+00:00\",\"dateModified\":\"2025-01-17T13:06:34+00:00\",\"breadcrumb\":{\"@id\":\"https:\/\/corlife.eu\/professionals\/tissuebanks\/#breadcrumb\"},\"inLanguage\":\"en-GB\",\"potentialAction\":[{\"@type\":\"ReadAction\",\"target\":[\"https:\/\/corlife.eu\/professionals\/tissuebanks\/\"]}]},{\"@type\":\"ImageObject\",\"inLanguage\":\"en-GB\",\"@id\":\"https:\/\/corlife.eu\/professionals\/tissuebanks\/#primaryimage\",\"url\":\"https:\/\/corlife.eu\/wp-content\/uploads\/2022\/05\/Abschied-600x367.jpg\",\"contentUrl\":\"https:\/\/corlife.eu\/wp-content\/uploads\/2022\/05\/Abschied-600x367.jpg\"},{\"@type\":\"BreadcrumbList\",\"@id\":\"https:\/\/corlife.eu\/professionals\/tissuebanks\/#breadcrumb\",\"itemListElement\":[{\"@type\":\"ListItem\",\"position\":1,\"name\":\"Home\",\"item\":\"https:\/\/corlife.eu\/\"},{\"@type\":\"ListItem\",\"position\":2,\"name\":\"Fachkreise\",\"item\":\"https:\/\/corlife.eu\/professionals\/\"},{\"@type\":\"ListItem\",\"position\":3,\"name\":\"Gewebe- und Entnahmeeinrichtungen\"}]},{\"@type\":\"WebSite\",\"@id\":\"https:\/\/corlife.eu\/#website\",\"url\":\"https:\/\/corlife.eu\/\",\"name\":\"corlife\",\"description\":\"regenerate to recover\",\"publisher\":{\"@id\":\"https:\/\/corlife.eu\/#organization\"},\"potentialAction\":[{\"@type\":\"SearchAction\",\"target\":{\"@type\":\"EntryPoint\",\"urlTemplate\":\"https:\/\/corlife.eu\/?s={search_term_string}\"},\"query-input\":{\"@type\":\"PropertyValueSpecification\",\"valueRequired\":true,\"valueName\":\"search_term_string\"}}],\"inLanguage\":\"en-GB\"},{\"@type\":\"Organization\",\"@id\":\"https:\/\/corlife.eu\/#organization\",\"name\":\"corlife\",\"url\":\"https:\/\/corlife.eu\/\",\"logo\":{\"@type\":\"ImageObject\",\"inLanguage\":\"en-GB\",\"@id\":\"https:\/\/corlife.eu\/#\/schema\/logo\/image\/\",\"url\":\"https:\/\/corlife.eu\/wp-content\/uploads\/2024\/06\/corlife-logo-S-1.jpg\",\"contentUrl\":\"https:\/\/corlife.eu\/wp-content\/uploads\/2024\/06\/corlife-logo-S-1.jpg\",\"width\":300,\"height\":78,\"caption\":\"corlife\"},\"image\":{\"@id\":\"https:\/\/corlife.eu\/#\/schema\/logo\/image\/\"},\"sameAs\":[\"https:\/\/www.linkedin.com\/company\/corlifeeu\"]}]}<\/script>\n<!-- \/ Yoast SEO plugin. -->","yoast_head_json":{"title":"Gewebe- und Entnahmeeinrichtungen - corlife","robots":{"index":"index","follow":"follow","max-snippet":"max-snippet:-1","max-image-preview":"max-image-preview:large","max-video-preview":"max-video-preview:-1"},"canonical":"https:\/\/corlife.eu\/en\/professionals\/tissuebanks\/","og_locale":"en_GB","og_type":"article","og_title":"Gewebe- und Entnahmeeinrichtungen - corlife","og_url":"https:\/\/corlife.eu\/en\/professionals\/tissuebanks\/","og_site_name":"corlife","article_modified_time":"2025-01-17T13:06:34+00:00","og_image":[{"width":1600,"height":978,"url":"https:\/\/corlife.eu\/wp-content\/uploads\/2022\/05\/Abschied.jpg","type":"image\/jpeg"}],"twitter_card":"summary_large_image","twitter_misc":{"Estimated reading time":"5 minutes"},"schema":{"@context":"https:\/\/schema.org","@graph":[{"@type":"WebPage","@id":"https:\/\/corlife.eu\/professionals\/tissuebanks\/","url":"https:\/\/corlife.eu\/professionals\/tissuebanks\/","name":"Gewebe- und Entnahmeeinrichtungen - corlife","isPartOf":{"@id":"https:\/\/corlife.eu\/#website"},"primaryImageOfPage":{"@id":"https:\/\/corlife.eu\/professionals\/tissuebanks\/#primaryimage"},"image":{"@id":"https:\/\/corlife.eu\/professionals\/tissuebanks\/#primaryimage"},"thumbnailUrl":"https:\/\/corlife.eu\/wp-content\/uploads\/2022\/05\/Abschied-600x367.jpg","datePublished":"2020-09-23T13:43:42+00:00","dateModified":"2025-01-17T13:06:34+00:00","breadcrumb":{"@id":"https:\/\/corlife.eu\/professionals\/tissuebanks\/#breadcrumb"},"inLanguage":"en-GB","potentialAction":[{"@type":"ReadAction","target":["https:\/\/corlife.eu\/professionals\/tissuebanks\/"]}]},{"@type":"ImageObject","inLanguage":"en-GB","@id":"https:\/\/corlife.eu\/professionals\/tissuebanks\/#primaryimage","url":"https:\/\/corlife.eu\/wp-content\/uploads\/2022\/05\/Abschied-600x367.jpg","contentUrl":"https:\/\/corlife.eu\/wp-content\/uploads\/2022\/05\/Abschied-600x367.jpg"},{"@type":"BreadcrumbList","@id":"https:\/\/corlife.eu\/professionals\/tissuebanks\/#breadcrumb","itemListElement":[{"@type":"ListItem","position":1,"name":"Home","item":"https:\/\/corlife.eu\/"},{"@type":"ListItem","position":2,"name":"Fachkreise","item":"https:\/\/corlife.eu\/professionals\/"},{"@type":"ListItem","position":3,"name":"Gewebe- und Entnahmeeinrichtungen"}]},{"@type":"WebSite","@id":"https:\/\/corlife.eu\/#website","url":"https:\/\/corlife.eu\/","name":"corlife","description":"regenerate to recover","publisher":{"@id":"https:\/\/corlife.eu\/#organization"},"potentialAction":[{"@type":"SearchAction","target":{"@type":"EntryPoint","urlTemplate":"https:\/\/corlife.eu\/?s={search_term_string}"},"query-input":{"@type":"PropertyValueSpecification","valueRequired":true,"valueName":"search_term_string"}}],"inLanguage":"en-GB"},{"@type":"Organization","@id":"https:\/\/corlife.eu\/#organization","name":"corlife","url":"https:\/\/corlife.eu\/","logo":{"@type":"ImageObject","inLanguage":"en-GB","@id":"https:\/\/corlife.eu\/#\/schema\/logo\/image\/","url":"https:\/\/corlife.eu\/wp-content\/uploads\/2024\/06\/corlife-logo-S-1.jpg","contentUrl":"https:\/\/corlife.eu\/wp-content\/uploads\/2024\/06\/corlife-logo-S-1.jpg","width":300,"height":78,"caption":"corlife"},"image":{"@id":"https:\/\/corlife.eu\/#\/schema\/logo\/image\/"},"sameAs":["https:\/\/www.linkedin.com\/company\/corlifeeu"]}]}},"_links":{"self":[{"href":"https:\/\/corlife.eu\/en\/wp-json\/wp\/v2\/pages\/1327","targetHints":{"allow":["GET"]}}],"collection":[{"href":"https:\/\/corlife.eu\/en\/wp-json\/wp\/v2\/pages"}],"about":[{"href":"https:\/\/corlife.eu\/en\/wp-json\/wp\/v2\/types\/page"}],"author":[{"embeddable":true,"href":"https:\/\/corlife.eu\/en\/wp-json\/wp\/v2\/users\/2"}],"replies":[{"embeddable":true,"href":"https:\/\/corlife.eu\/en\/wp-json\/wp\/v2\/comments?post=1327"}],"version-history":[{"count":25,"href":"https:\/\/corlife.eu\/en\/wp-json\/wp\/v2\/pages\/1327\/revisions"}],"predecessor-version":[{"id":2936,"href":"https:\/\/corlife.eu\/en\/wp-json\/wp\/v2\/pages\/1327\/revisions\/2936"}],"up":[{"embeddable":true,"href":"https:\/\/corlife.eu\/en\/wp-json\/wp\/v2\/pages\/230"}],"wp:attachment":[{"href":"https:\/\/corlife.eu\/en\/wp-json\/wp\/v2\/media?parent=1327"}],"curies":[{"name":"wp","href":"https:\/\/api.w.org\/{rel}","templated":true}]}}