{"id":1346,"date":"2020-09-23T16:18:44","date_gmt":"2020-09-23T14:18:44","guid":{"rendered":"https:\/\/2020.corlife.eu\/?page_id=1346"},"modified":"2025-01-17T12:51:31","modified_gmt":"2025-01-17T11:51:31","slug":"productinfo","status":"publish","type":"page","link":"https:\/\/corlife.eu\/en\/professionals\/productinfo\/","title":{"rendered":"Product Information"},"content":{"rendered":"<p><div class=\"fusion-fullwidth fullwidth-box fusion-builder-row-1 nonhundred-percent-fullwidth non-hundred-percent-height-scrolling fusion-equal-height-columns\" style=\"background-color: #ffffff;background-position: center center;background-repeat: no-repeat;padding-top:0px;padding-right:0px;padding-bottom:0px;padding-left:0px;margin-bottom: 0px;margin-top: -60px;border-width: 0px 0px 0px 0px;border-color:#e2e2e2;border-style:solid;\" ><div class=\"fusion-builder-row fusion-row\"><div class=\"fusion-layout-column fusion_builder_column fusion-builder-column-0 fusion_builder_column_1_1 1_1 fusion-one-full fusion-column-first fusion-column-last\" style=\"margin-top:0px;margin-bottom:0px;\"><div class=\"fusion-column-wrapper fusion-flex-column-wrapper-legacy\" style=\"background-position:left top;background-repeat:no-repeat;-webkit-background-size:cover;-moz-background-size:cover;-o-background-size:cover;background-size:cover;padding: 0px 0px 0px 0px;\"><style type=\"text\/css\">.fusion-breadcrumbs.fusion-breadcrumbs-1{font-size:18px;}.fusion-breadcrumbs.fusion-breadcrumbs-1 span a:hover{color:#003366 !important;}.fusion-breadcrumbs.fusion-breadcrumbs-1{color:rgba(0,51,102,0.32);}.fusion-breadcrumbs.fusion-breadcrumbs-1 a{color:rgba(0,51,102,0.32);}<\/style><div class=\"fusion-breadcrumbs fusion-breadcrumbs-1\"><span><span><a href=\"https:\/\/corlife.eu\/en\/\">Home<\/a><\/span><\/span><\/div><style type='text\/css'>.reading-box-container-1 .element-bottomshadow:before,.reading-box-container-1 .element-bottomshadow:after{opacity:0.7;}<\/style><div class=\"fusion-reading-box-container reading-box-container-1\" style=\"margin-top:0px;margin-bottom:20px;\"><div class=\"reading-box reading-box-center\" style=\"background-color:rgba(255,255,255,0);border-width:0px;border-color:rgba(226,226,226,0);border-style:solid;\"><h2><font color=\"#003366\"><b>Product Information<\/b><\/font><\/h2><\/div><\/div><div class=\"fusion-clearfix\"><\/div><\/div><\/div><\/div><\/div><div class=\"fusion-fullwidth fullwidth-box fusion-builder-row-2 nonhundred-percent-fullwidth non-hundred-percent-height-scrolling\" style=\"background-color: rgba(255,255,255,0);background-position: center center;background-repeat: no-repeat;padding-top:25px;padding-right:0px;padding-bottom:20px;padding-left:0px;margin-bottom: 0px;margin-top: 0px;border-width: 0px 0px 0px 0px;border-color:#e2e2e2;border-style:solid;\" ><div class=\"fusion-builder-row fusion-row\"><div class=\"fusion-layout-column fusion_builder_column fusion-builder-column-1 fusion_builder_column_1_1 1_1 fusion-one-full fusion-column-first fusion-column-last\" style=\"margin-top:0px;margin-bottom:20px;\"><div class=\"fusion-column-wrapper fusion-flex-column-wrapper-legacy\" style=\"background-position:left top;background-repeat:no-repeat;-webkit-background-size:cover;-moz-background-size:cover;-o-background-size:cover;background-size:cover;padding: 0px 0px 0px 0px;\"><div class=\"fusion-builder-row fusion-builder-row-inner fusion-row\"><div class=\"fusion-layout-column fusion_builder_column_inner fusion-builder-nested-column-0 fusion_builder_column_inner_1_2 1_2 fusion-one-half fusion-column-first\" style=\"width:50%;width:calc(50% - ( ( 4% ) * 0.5 ) );margin-right: 4%;margin-top:0px;margin-bottom:20px;\"><div class=\"fusion-column-wrapper fusion-flex-column-wrapper-legacy\" style=\"background-position:left top;background-repeat:no-repeat;-webkit-background-size:cover;-moz-background-size:cover;-o-background-size:cover;background-size:cover;padding: 0px 0px 0px 0px;\"><span class=\"fusion-imageframe imageframe-none imageframe-1 hover-type-none\"><img decoding=\"async\" width=\"1080\" height=\"1080\" alt=\"Porzine Herzklappe in Beh\u00e4lter\" title=\"gewebe in flasche square\" src=\"https:\/\/corlife.eu\/wp-content\/uploads\/2025\/01\/gewebe-in-flasche-square.jpg\" data-orig-src=\"https:\/\/corlife.eu\/wp-content\/uploads\/2025\/01\/gewebe-in-flasche-square.jpg\" class=\"lazyload img-responsive wp-image-2922\" srcset=\"data:image\/svg+xml,%3Csvg%20xmlns%3D%27http%3A%2F%2Fwww.w3.org%2F2000%2Fsvg%27%20width%3D%271080%27%20height%3D%271080%27%20viewBox%3D%270%200%201080%201080%27%3E%3Crect%20width%3D%271080%27%20height%3D%271080%27%20fill-opacity%3D%220%22%2F%3E%3C%2Fsvg%3E\" data-srcset=\"https:\/\/corlife.eu\/wp-content\/uploads\/2025\/01\/gewebe-in-flasche-square-200x200.jpg 200w, https:\/\/corlife.eu\/wp-content\/uploads\/2025\/01\/gewebe-in-flasche-square-400x400.jpg 400w, https:\/\/corlife.eu\/wp-content\/uploads\/2025\/01\/gewebe-in-flasche-square-600x600.jpg 600w, https:\/\/corlife.eu\/wp-content\/uploads\/2025\/01\/gewebe-in-flasche-square-800x800.jpg 800w, https:\/\/corlife.eu\/wp-content\/uploads\/2025\/01\/gewebe-in-flasche-square.jpg 1080w\" data-sizes=\"auto\" data-orig-sizes=\"(max-width: 700px) 100vw, 600px\" \/><\/span><div class=\"fusion-clearfix\"><\/div><\/div><\/div><div class=\"fusion-layout-column fusion_builder_column_inner fusion-builder-nested-column-1 fusion_builder_column_inner_1_2 1_2 fusion-one-half fusion-column-last\" style=\"width:50%;width:calc(50% - ( ( 4% ) * 0.5 ) );margin-top:0px;margin-bottom:20px;\"><div class=\"fusion-column-wrapper fusion-flex-column-wrapper-legacy\" style=\"background-position:left top;background-repeat:no-repeat;-webkit-background-size:cover;-moz-background-size:cover;-o-background-size:cover;background-size:cover;padding: 0px 0px 0px 0px;\"><div class=\"fusion-text fusion-text-1\"><p>Jedes zellfreie Allograft wird vor der Auslieferung auf Keimfreiheit und Zellfreiheit \u00fcberpr\u00fcft. Die Abf\u00fcllung in das Auslieferungsgef\u00e4\u00df erfolgt in steriler 0,9% NaCl L\u00f6sung. Ab diesem Zeitpunkt wird das zellfreie Allograft bis zur Implantation bei 5\u00b13\u00b0C gelagert, bzw. bei 5\u00b15\u00b0C transportiert. Zu keinem Zeitpunkt werden die zellfreien Allografts eingefroren. So stellen wir sicher, dass keine Gefriersch\u00e4den in der extrazellul\u00e4ren Matrix auftreten \u2013 und vereinfachen zugleich die Anwendung. Die zellfreien Allografts sind sofort verwendungsf\u00e4hig &#8211; sie m\u00fcssen nicht aufgetaut werden &#8211; und k\u00f6nnen in einem (Arzneimittel)K\u00fchlschrank einfach gelagert werden. Wir empfehlen das Gewebe vor Implantation ausreichend zu sp\u00fclen, um Gewebereste zu entfernen, die sich w\u00e4hrend der Lagerung bzw. w\u00e4hrend des Transports abgel\u00f6st haben. <\/p>\n<p>Da wir die zellfreien Allografts nach der Bearbeitung frisch aufbewahren, ist deren Haltbarkeit auf wenige Monate begrenzt.<\/p>\n<\/div><div class=\"fusion-clearfix\"><\/div><\/div><\/div><\/div><div class=\"fusion-clearfix\"><\/div><\/div><\/div><\/div><\/div><\/p>","protected":false},"excerpt":{"rendered":"","protected":false},"author":2,"featured_media":0,"parent":230,"menu_order":0,"comment_status":"closed","ping_status":"closed","template":"100-width.php","meta":{"footnotes":""},"class_list":["post-1346","page","type-page","status-publish","hentry"],"yoast_head":"<!-- This site is optimized with the Yoast SEO plugin v26.4 - https:\/\/yoast.com\/wordpress\/plugins\/seo\/ -->\n<title>Produktinformationen - corlife<\/title>\n<meta name=\"robots\" content=\"index, follow, max-snippet:-1, max-image-preview:large, max-video-preview:-1\" \/>\n<link rel=\"canonical\" href=\"https:\/\/corlife.eu\/en\/professionals\/productinfo\/\" \/>\n<meta property=\"og:locale\" content=\"en_GB\" \/>\n<meta property=\"og:type\" content=\"article\" \/>\n<meta property=\"og:title\" content=\"Produktinformationen - corlife\" \/>\n<meta property=\"og:url\" content=\"https:\/\/corlife.eu\/en\/professionals\/productinfo\/\" \/>\n<meta property=\"og:site_name\" content=\"corlife\" \/>\n<meta property=\"article:modified_time\" content=\"2025-01-17T11:51:31+00:00\" \/>\n<meta name=\"twitter:card\" content=\"summary_large_image\" \/>\n<meta name=\"twitter:label1\" content=\"Estimated reading time\" \/>\n\t<meta name=\"twitter:data1\" content=\"6 minutes\" \/>\n<script type=\"application\/ld+json\" class=\"yoast-schema-graph\">{\"@context\":\"https:\/\/schema.org\",\"@graph\":[{\"@type\":\"WebPage\",\"@id\":\"https:\/\/corlife.eu\/professionals\/productinfo\/\",\"url\":\"https:\/\/corlife.eu\/professionals\/productinfo\/\",\"name\":\"Produktinformationen - corlife\",\"isPartOf\":{\"@id\":\"https:\/\/corlife.eu\/#website\"},\"datePublished\":\"2020-09-23T14:18:44+00:00\",\"dateModified\":\"2025-01-17T11:51:31+00:00\",\"breadcrumb\":{\"@id\":\"https:\/\/corlife.eu\/professionals\/productinfo\/#breadcrumb\"},\"inLanguage\":\"en-GB\",\"potentialAction\":[{\"@type\":\"ReadAction\",\"target\":[\"https:\/\/corlife.eu\/professionals\/productinfo\/\"]}]},{\"@type\":\"BreadcrumbList\",\"@id\":\"https:\/\/corlife.eu\/professionals\/productinfo\/#breadcrumb\",\"itemListElement\":[{\"@type\":\"ListItem\",\"position\":1,\"name\":\"Home\",\"item\":\"https:\/\/corlife.eu\/\"},{\"@type\":\"ListItem\",\"position\":2,\"name\":\"Fachkreise\",\"item\":\"https:\/\/corlife.eu\/professionals\/\"},{\"@type\":\"ListItem\",\"position\":3,\"name\":\"Produktinformationen\"}]},{\"@type\":\"WebSite\",\"@id\":\"https:\/\/corlife.eu\/#website\",\"url\":\"https:\/\/corlife.eu\/\",\"name\":\"corlife\",\"description\":\"regenerate to recover\",\"publisher\":{\"@id\":\"https:\/\/corlife.eu\/#organization\"},\"potentialAction\":[{\"@type\":\"SearchAction\",\"target\":{\"@type\":\"EntryPoint\",\"urlTemplate\":\"https:\/\/corlife.eu\/?s={search_term_string}\"},\"query-input\":{\"@type\":\"PropertyValueSpecification\",\"valueRequired\":true,\"valueName\":\"search_term_string\"}}],\"inLanguage\":\"en-GB\"},{\"@type\":\"Organization\",\"@id\":\"https:\/\/corlife.eu\/#organization\",\"name\":\"corlife\",\"url\":\"https:\/\/corlife.eu\/\",\"logo\":{\"@type\":\"ImageObject\",\"inLanguage\":\"en-GB\",\"@id\":\"https:\/\/corlife.eu\/#\/schema\/logo\/image\/\",\"url\":\"https:\/\/corlife.eu\/wp-content\/uploads\/2024\/06\/corlife-logo-S-1.jpg\",\"contentUrl\":\"https:\/\/corlife.eu\/wp-content\/uploads\/2024\/06\/corlife-logo-S-1.jpg\",\"width\":300,\"height\":78,\"caption\":\"corlife\"},\"image\":{\"@id\":\"https:\/\/corlife.eu\/#\/schema\/logo\/image\/\"},\"sameAs\":[\"https:\/\/www.linkedin.com\/company\/corlifeeu\"]}]}<\/script>\n<!-- \/ Yoast SEO plugin. -->","yoast_head_json":{"title":"Produktinformationen - corlife","robots":{"index":"index","follow":"follow","max-snippet":"max-snippet:-1","max-image-preview":"max-image-preview:large","max-video-preview":"max-video-preview:-1"},"canonical":"https:\/\/corlife.eu\/en\/professionals\/productinfo\/","og_locale":"en_GB","og_type":"article","og_title":"Produktinformationen - corlife","og_url":"https:\/\/corlife.eu\/en\/professionals\/productinfo\/","og_site_name":"corlife","article_modified_time":"2025-01-17T11:51:31+00:00","twitter_card":"summary_large_image","twitter_misc":{"Estimated reading time":"6 minutes"},"schema":{"@context":"https:\/\/schema.org","@graph":[{"@type":"WebPage","@id":"https:\/\/corlife.eu\/professionals\/productinfo\/","url":"https:\/\/corlife.eu\/professionals\/productinfo\/","name":"Produktinformationen - corlife","isPartOf":{"@id":"https:\/\/corlife.eu\/#website"},"datePublished":"2020-09-23T14:18:44+00:00","dateModified":"2025-01-17T11:51:31+00:00","breadcrumb":{"@id":"https:\/\/corlife.eu\/professionals\/productinfo\/#breadcrumb"},"inLanguage":"en-GB","potentialAction":[{"@type":"ReadAction","target":["https:\/\/corlife.eu\/professionals\/productinfo\/"]}]},{"@type":"BreadcrumbList","@id":"https:\/\/corlife.eu\/professionals\/productinfo\/#breadcrumb","itemListElement":[{"@type":"ListItem","position":1,"name":"Home","item":"https:\/\/corlife.eu\/"},{"@type":"ListItem","position":2,"name":"Fachkreise","item":"https:\/\/corlife.eu\/professionals\/"},{"@type":"ListItem","position":3,"name":"Produktinformationen"}]},{"@type":"WebSite","@id":"https:\/\/corlife.eu\/#website","url":"https:\/\/corlife.eu\/","name":"corlife","description":"regenerate to recover","publisher":{"@id":"https:\/\/corlife.eu\/#organization"},"potentialAction":[{"@type":"SearchAction","target":{"@type":"EntryPoint","urlTemplate":"https:\/\/corlife.eu\/?s={search_term_string}"},"query-input":{"@type":"PropertyValueSpecification","valueRequired":true,"valueName":"search_term_string"}}],"inLanguage":"en-GB"},{"@type":"Organization","@id":"https:\/\/corlife.eu\/#organization","name":"corlife","url":"https:\/\/corlife.eu\/","logo":{"@type":"ImageObject","inLanguage":"en-GB","@id":"https:\/\/corlife.eu\/#\/schema\/logo\/image\/","url":"https:\/\/corlife.eu\/wp-content\/uploads\/2024\/06\/corlife-logo-S-1.jpg","contentUrl":"https:\/\/corlife.eu\/wp-content\/uploads\/2024\/06\/corlife-logo-S-1.jpg","width":300,"height":78,"caption":"corlife"},"image":{"@id":"https:\/\/corlife.eu\/#\/schema\/logo\/image\/"},"sameAs":["https:\/\/www.linkedin.com\/company\/corlifeeu"]}]}},"_links":{"self":[{"href":"https:\/\/corlife.eu\/en\/wp-json\/wp\/v2\/pages\/1346","targetHints":{"allow":["GET"]}}],"collection":[{"href":"https:\/\/corlife.eu\/en\/wp-json\/wp\/v2\/pages"}],"about":[{"href":"https:\/\/corlife.eu\/en\/wp-json\/wp\/v2\/types\/page"}],"author":[{"embeddable":true,"href":"https:\/\/corlife.eu\/en\/wp-json\/wp\/v2\/users\/2"}],"replies":[{"embeddable":true,"href":"https:\/\/corlife.eu\/en\/wp-json\/wp\/v2\/comments?post=1346"}],"version-history":[{"count":14,"href":"https:\/\/corlife.eu\/en\/wp-json\/wp\/v2\/pages\/1346\/revisions"}],"predecessor-version":[{"id":2924,"href":"https:\/\/corlife.eu\/en\/wp-json\/wp\/v2\/pages\/1346\/revisions\/2924"}],"up":[{"embeddable":true,"href":"https:\/\/corlife.eu\/en\/wp-json\/wp\/v2\/pages\/230"}],"wp:attachment":[{"href":"https:\/\/corlife.eu\/en\/wp-json\/wp\/v2\/media?parent=1346"}],"curies":[{"name":"wp","href":"https:\/\/api.w.org\/{rel}","templated":true}]}}