{"id":1377,"date":"2020-09-23T18:45:07","date_gmt":"2020-09-23T16:45:07","guid":{"rendered":"https:\/\/2020.corlife.eu\/?page_id=1377"},"modified":"2025-01-20T11:51:23","modified_gmt":"2025-01-20T10:51:23","slug":"vigilance","status":"publish","type":"page","link":"https:\/\/corlife.eu\/en\/professionals\/vigilance\/","title":{"rendered":"Vigilance"},"content":{"rendered":"<p><div class=\"fusion-fullwidth fullwidth-box fusion-builder-row-1 nonhundred-percent-fullwidth non-hundred-percent-height-scrolling fusion-equal-height-columns\" style=\"background-color: #ffffff;background-position: center center;background-repeat: no-repeat;padding-top:0px;padding-right:0px;padding-bottom:0px;padding-left:0px;margin-bottom: 0px;margin-top: -60px;border-width: 0px 0px 0px 0px;border-color:#e2e2e2;border-style:solid;\" ><div class=\"fusion-builder-row fusion-row\"><div class=\"fusion-layout-column fusion_builder_column fusion-builder-column-0 fusion_builder_column_1_1 1_1 fusion-one-full fusion-column-first fusion-column-last\" style=\"margin-top:0px;margin-bottom:0px;\"><div class=\"fusion-column-wrapper fusion-flex-column-wrapper-legacy\" style=\"background-position:left top;background-repeat:no-repeat;-webkit-background-size:cover;-moz-background-size:cover;-o-background-size:cover;background-size:cover;padding: 0px 0px 0px 0px;\"><style type=\"text\/css\">.fusion-breadcrumbs.fusion-breadcrumbs-1{font-size:18px;}.fusion-breadcrumbs.fusion-breadcrumbs-1 span a:hover{color:#003366 !important;}.fusion-breadcrumbs.fusion-breadcrumbs-1{color:rgba(0,51,102,0.32);}.fusion-breadcrumbs.fusion-breadcrumbs-1 a{color:rgba(0,51,102,0.32);}<\/style><div class=\"fusion-breadcrumbs fusion-breadcrumbs-1\"><span><span><a href=\"https:\/\/corlife.eu\/en\/\">Home<\/a><\/span><\/span><\/div><style type='text\/css'>.reading-box-container-1 .element-bottomshadow:before,.reading-box-container-1 .element-bottomshadow:after{opacity:0.70;}<\/style><div class=\"fusion-reading-box-container reading-box-container-1\" style=\"margin-top:0px;margin-bottom:20px;\"><div class=\"reading-box reading-box-center\" style=\"background-color:rgba(255,255,255,0);border-width:0px;border-color:rgba(226,226,226,0);border-style:solid;\"><h2><font color=\"#003366\"><b>Vigilance<\/b><\/font><\/h2><\/div><\/div><div class=\"fusion-clearfix\"><\/div><\/div><\/div><\/div><\/div><div class=\"fusion-fullwidth fullwidth-box fusion-builder-row-2 myaccx hundred-percent-fullwidth non-hundred-percent-height-scrolling\" style=\"background-color: rgba(255,255,255,0);background-position: center center;background-repeat: no-repeat;padding-top:0px;padding-right:0px;padding-bottom:10px;padding-left:0px;margin-bottom: 0px;margin-top: 0px;border-width: 0px 0px 0px 0px;border-color:#e2e2e2;border-style:solid;\" ><div class=\"fusion-builder-row fusion-row\"><div class=\"fusion-layout-column fusion_builder_column fusion-builder-column-1 fusion_builder_column_1_1 1_1 fusion-one-full fusion-column-first fusion-column-last first-column\" style=\"margin-top:0px;margin-bottom:20px;\"><div class=\"fusion-column-wrapper fusion-flex-column-wrapper-legacy\" style=\"background-position:left top;background-repeat:no-repeat;-webkit-background-size:cover;-moz-background-size:cover;-o-background-size:cover;background-size:cover;padding: 0px 0px 0px 0px;\"><br><br><div class=\"fusion-builder-row fusion-builder-row-inner fusion-row\"><div class=\"fusion-layout-column fusion_builder_column_inner fusion-builder-nested-column-0 fusion_builder_column_inner_1_1 1_1 fusion-one-full fusion-column-first fusion-column-last\" style=\"width:100%;margin-top:0px;margin-bottom:20px;\"><div class=\"fusion-column-wrapper fusion-flex-column-wrapper-legacy\" style=\"background-position:left top;background-repeat:no-repeat;-webkit-background-size:cover;-moz-background-size:cover;-o-background-size:cover;background-size:cover;padding: 0px 0px 0px 0px;\"><div class=\"fusion-text fusion-text-1\"><p>Die Sicherheit der Patientinnen und Patienten hat Priorit\u00e4t. Die corlife hat ein gro\u00dfes Interesse an R\u00fcckmeldungen von behandelnden \u00c4rztinnen und \u00c4rzten nach Implantation. Nur so k\u00f6nnen wir Verbesserungspotential aufdecken und rechtzeitig Risiken mindernn.<\/p>\n<\/div><div class=\"fusion-clearfix\"><\/div><\/div><\/div><\/div><div class=\"fusion-clearfix\"><\/div><\/div><\/div><div class=\"fusion-layout-column fusion_builder_column fusion-builder-column-2 fusion_builder_column_1_1 1_1 fusion-one-full fusion-column-first fusion-column-last\" style=\"margin-top:0px;margin-bottom:20px;\"><div class=\"fusion-column-wrapper fusion-flex-column-wrapper-legacy\" style=\"background-position:left top;background-repeat:no-repeat;-webkit-background-size:cover;-moz-background-size:cover;-o-background-size:cover;background-size:cover;padding: 0px 0px 0px 0px;\"><div class=\"akkordeon\">\n\n\t\t<div class=\"akkordeon_maw_item akkordeon_maw_closed\" id=\"implantid\" onclick=\"togglestate(this)\">\n\t\t\t<div class=\"title\">\n<h5>Implant-ID and SEC<\/h5>\n\t\t\t<\/div><br>\n\t\t\t<div class=\"content\">\n<!-- Nest -->\n\n\n<div class=\"fusion-builder-row fusion-builder-row-inner fusion-row\">\n<div class=\"fusion-layout-column fusion_builder_column_inner fusion-builder-nested-column-1 fusion_builder_column_inner_1_1 1_1 fusion-one-full fusion-column-first fusion-column-last\" style=\"width:100%;margin-top:0px;margin-bottom:20px;\"><div class=\"fusion-column-wrapper fusion-flex-column-wrapper-legacy\" style=\"background-position:left top;background-repeat:no-repeat;-webkit-background-size:cover;-moz-background-size:cover;-o-background-size:cover;background-size:cover;padding: 0px 0px 0px 0px;\">\n<div class=\"fusion-text fusion-text-2\"><p>Each cell-free allograft is accompanied by an implant identification card. The card shows the serial number of the cell-free allograft (Single European Code, SEC). Use the SEC to learn more about cell-free allograft <a href=\"https:\/\/webgate.ec.europa.eu\/eucoding\/\">here<\/a> . Please present the implant ID card to the patient. The ID card should be kept in a safe place and be available in case of need.<\/p>\n<\/div>\n\n<span class=\"fusion-imageframe imageframe-none imageframe-1 hover-type-none fusion-no-small-visibility\"><img decoding=\"async\" width=\"1566\" height=\"504\" title=\"implantidcard\" src=\"https:\/\/corlife.eu\/wp-content\/uploads\/2020\/12\/Vigilance-Implant-ID-Card-PC-Tablet-EN-2.png\" data-orig-src=\"\/wp-content\/uploads\/2020\/09\/implantidcard.png\" alt class=\"lazyload img-responsive wp-image-1382\" srcset=\"https:\/\/corlife.eu\/wp-content\/uploads\/2020\/12\/Vigilance-Implant-ID-Card-PC-Tablet-EN-2-16x5.png 16w, https:\/\/corlife.eu\/wp-content\/uploads\/2020\/12\/Vigilance-Implant-ID-Card-PC-Tablet-EN-2-200x64.png 200w, https:\/\/corlife.eu\/wp-content\/uploads\/2020\/12\/Vigilance-Implant-ID-Card-PC-Tablet-EN-2-300x96.png 300w, https:\/\/corlife.eu\/wp-content\/uploads\/2020\/12\/Vigilance-Implant-ID-Card-PC-Tablet-EN-2-400x128.png 400w, https:\/\/corlife.eu\/wp-content\/uploads\/2020\/12\/Vigilance-Implant-ID-Card-PC-Tablet-EN-2-600x193.png 600w, https:\/\/corlife.eu\/wp-content\/uploads\/2020\/12\/Vigilance-Implant-ID-Card-PC-Tablet-EN-2-768x246.png 768w, https:\/\/corlife.eu\/wp-content\/uploads\/2020\/12\/Vigilance-Implant-ID-Card-PC-Tablet-EN-2-800x257.png 800w, https:\/\/corlife.eu\/wp-content\/uploads\/2020\/12\/Vigilance-Implant-ID-Card-PC-Tablet-EN-2-1024x329.png 1024w, https:\/\/corlife.eu\/wp-content\/uploads\/2020\/12\/Vigilance-Implant-ID-Card-PC-Tablet-EN-2.png 1200w\" data-srcset=\"https:\/\/corlife.eu\/wp-content\/uploads\/2020\/12\/Vigilance-Implant-ID-Card-PC-Tablet-EN-2-16x5.png 16w, https:\/\/corlife.eu\/wp-content\/uploads\/2020\/12\/Vigilance-Implant-ID-Card-PC-Tablet-EN-2-200x64.png 200w, https:\/\/corlife.eu\/wp-content\/uploads\/2020\/12\/Vigilance-Implant-ID-Card-PC-Tablet-EN-2-300x96.png 300w, https:\/\/corlife.eu\/wp-content\/uploads\/2020\/12\/Vigilance-Implant-ID-Card-PC-Tablet-EN-2-400x128.png 400w, https:\/\/corlife.eu\/wp-content\/uploads\/2020\/12\/Vigilance-Implant-ID-Card-PC-Tablet-EN-2-600x193.png 600w, https:\/\/corlife.eu\/wp-content\/uploads\/2020\/12\/Vigilance-Implant-ID-Card-PC-Tablet-EN-2-768x246.png 768w, https:\/\/corlife.eu\/wp-content\/uploads\/2020\/12\/Vigilance-Implant-ID-Card-PC-Tablet-EN-2-800x257.png 800w, https:\/\/corlife.eu\/wp-content\/uploads\/2020\/12\/Vigilance-Implant-ID-Card-PC-Tablet-EN-2-1024x329.png 1024w, https:\/\/corlife.eu\/wp-content\/uploads\/2020\/12\/Vigilance-Implant-ID-Card-PC-Tablet-EN-2.png 1200w\" data-sizes=\"auto\" data-orig-sizes=\"(max-width: 700px) 100vw, 1200px\" \/><\/span>\n\n<span class=\"fusion-imageframe imageframe-none imageframe-2 hover-type-none codeable-image-container fusion-no-medium-visibility fusion-no-large-visibility\"><img decoding=\"async\" width=\"282\" height=\"392\" title=\"implantidcardphone\" src=\"https:\/\/corlife.eu\/wp-content\/uploads\/2020\/12\/Vigilance-Implant-ID-Card-Phone-EN.png\" data-orig-src=\"\/wp-content\/uploads\/2020\/09\/implantidcardphone.png\" alt class=\"lazyload img-responsive wp-image-1383\" srcset=\"https:\/\/corlife.eu\/wp-content\/uploads\/2020\/12\/Vigilance-Implant-ID-Card-Phone-EN-9x12.png 9w, https:\/\/corlife.eu\/wp-content\/uploads\/2020\/12\/Vigilance-Implant-ID-Card-Phone-EN-200x279.png 200w, https:\/\/corlife.eu\/wp-content\/uploads\/2020\/12\/Vigilance-Implant-ID-Card-Phone-EN-215x300.png 215w, https:\/\/corlife.eu\/wp-content\/uploads\/2020\/12\/Vigilance-Implant-ID-Card-Phone-EN.png 282w\" data-srcset=\"https:\/\/corlife.eu\/wp-content\/uploads\/2020\/12\/Vigilance-Implant-ID-Card-Phone-EN-9x12.png 9w, https:\/\/corlife.eu\/wp-content\/uploads\/2020\/12\/Vigilance-Implant-ID-Card-Phone-EN-200x279.png 200w, https:\/\/corlife.eu\/wp-content\/uploads\/2020\/12\/Vigilance-Implant-ID-Card-Phone-EN-215x300.png 215w, https:\/\/corlife.eu\/wp-content\/uploads\/2020\/12\/Vigilance-Implant-ID-Card-Phone-EN.png 282w\" data-sizes=\"auto\" data-orig-sizes=\"(max-width: 700px) 100vw, 282px\" \/><\/span>\n<div class=\"fusion-clearfix\"><\/div><\/div><\/div>\n<\/div>\n\t\t\t<\/div>\n\t\t<\/div>\n\n\n<div class=\"akkordeon_maw_item akkordeon_maw_closed\" id=\"followup\" onclick=\"togglestate(this)\">\n\t\t\t<div class=\"title\">\n<h5>Follow-up report<\/h5>\n\t\t\t<\/div><br>\n\t\t\t<div class=\"content\">\n\n<p>\nDie aktuelle Vorlage des Transplantationsbegleitscheins k\u00f6nnen Sie hier herunterladen.<\/p>\n\n<div class=\"fusion-builder-row fusion-builder-row-inner fusion-row\">\n<div class=\"fusion-layout-column fusion_builder_column_inner fusion-builder-nested-column-2 fusion_builder_column_inner_1_1 1_1 fusion-one-full fusion-column-first fusion-column-last\" style=\"width:100%;margin-top:0px;margin-bottom:20px;\"><div class=\"fusion-column-wrapper fusion-flex-column-wrapper-legacy\" style=\"background-position:left top;background-repeat:no-repeat;-webkit-background-size:cover;-moz-background-size:cover;-o-background-size:cover;background-size:cover;padding: 0px 0px 0px 0px;\">\n\n<div id=\"buttonboxo\">\n<a href=\"https:\/\/corlife.eu\/wp-content\/uploads\/2025\/01\/AM-F-041-01-Transplantationsbegleitschein.pdf\"><button class=\"outlinerbuttono\"><img class=\"lazyload\" decoding=\"async\" src=\"data:image\/gif;base64,R0lGODlhAQABAAAAACH5BAEKAAEALAAAAAABAAEAAAICTAEAOw==\" data-orig-src=\"\/wp-content\/uploads\/2020\/06\/document.png\"><p><\/img>Follow-up report<\/p><\/button><\/a>\n\n<\/div>\n\n<div class=\"fusion-clearfix\"><\/div><\/div><\/div>\n<\/div>\n\n<!-- Nest -->\n\n\t\t\t<\/div>\n\t\t<\/div>\n\n<div class=\"akkordeon_maw_item akkordeon_maw_closed\" id=\"adversereactions\" onclick=\"togglestate(this)\">\n\t\t\t<div class=\"title\">\n<h5>Reporting suspected adverse reactions<\/h5>\n\t\t\t<\/div><br>\n\t\t\t<div class=\"content\">\n<br>\n<!-- Nest -->\n\n<div class=\"fusion-builder-row fusion-builder-row-inner fusion-row\">\n<div class=\"fusion-layout-column fusion_builder_column_inner fusion-builder-nested-column-3 fusion_builder_column_inner_1_1 1_1 fusion-one-full fusion-column-first fusion-column-last\" style=\"width:100%;margin-top:0px;margin-bottom:20px;\"><div class=\"fusion-column-wrapper fusion-flex-column-wrapper-legacy\" style=\"background-position:left top;background-repeat:no-repeat;-webkit-background-size:cover;-moz-background-size:cover;-o-background-size:cover;background-size:cover;padding: 0px 0px 0px 0px;\">\n<div class=\"fusion-text fusion-text-3\"><p>Nebenwirkungen sind sch\u00e4dliche und unbeabsichtigte Reaktionen auf das zellfreie Allograft. Die Meldung von Nebenwirkungen tr\u00e4gt  zu mehr Arzneimittelsicherheit bei:<\/p>\n<ul>\n<li>Please inform your patients that they should contact their doctor or healthcare professional if they notice any adverse reaction.<\/li>\n<li>Patientinnen und Patienten sollten jeden Verdachtsfall einer Nebenwirkung der zust\u00e4ndigen Beh\u00f6rde anzeigen. Dies gilt auch f\u00fcr Nebenwirkungen, die nicht in der Gebrauchs- und Fachinformation angegeben sind. Medizinisches Personal meldet dies bitte <a href=\"https:\/\/www.pei.de\/DE\/arzneimittelsicherheit\/gewebevigilanz\/meldeformulare\/meldeformulare-node.html\">here<\/a>.  <\/li>\n<\/ul>\n<\/div>\n<div class=\"fusion-clearfix\"><\/div><\/div><\/div>\n<\/div>\n\n\t\t\t<\/div>\n\t\t<\/div>\n\n\n\t<\/div>\n\n<div class=\"fusion-clearfix\"><\/div><\/div><\/div><\/div><\/div><div class=\"fusion-fullwidth fullwidth-box fusion-builder-row-3 nonhundred-percent-fullwidth non-hundred-percent-height-scrolling\" style=\"background-color: rgba(255,255,255,0.5);background-position: center center;background-repeat: no-repeat;padding-top:0px;padding-right:0px;padding-bottom:0px;padding-left:0px;margin-bottom: 0px;margin-top: 0px;border-width: 0px 0px 0px 0px;border-color:#e2e2e2;border-style:solid;\" ><div class=\"fusion-builder-row fusion-row\"><div class=\"fusion-layout-column fusion_builder_column fusion-builder-column-3 fusion_builder_column_1_1 1_1 fusion-one-full fusion-column-first fusion-column-last\" style=\"margin-top:0px;margin-bottom:20px;\"><div class=\"fusion-column-wrapper fusion-flex-column-wrapper-legacy\" style=\"background-position:left top;background-repeat:no-repeat;-webkit-background-size:cover;-moz-background-size:cover;-o-background-size:cover;background-size:cover;padding: 0px 0px 0px 0px;\"><style type='text\/css'>.reading-box-container-2 .element-bottomshadow:before,.reading-box-container-2 .element-bottomshadow:after{opacity:0.7;}<\/style><div class=\"fusion-reading-box-container reading-box-container-2\" style=\"margin-top:0px;margin-bottom:20px;\"><div class=\"reading-box reading-box-center\" style=\"background-color:rgba(255,255,255,0);border-width:0px;border-color:rgba(226,226,226,0);border-style:solid;\"><h2><h3>Related Topics<\/h3><\/h2><\/div><\/div><div id=\"buttonbox\">\n\n\n<a href=\"\/en\/order\/\"><button class=\"outlinerbutton\">Order<\/sup><\/button><\/a>\n\n<a href=\"\/en\/compliance\/\"><button class=\"outlinerbutton\">Compliance<\/button><\/a>\n<\/div>\n <div class=\"fusion-clearfix\"><\/div><\/div><\/div><\/div><\/div><div class=\"fusion-fullwidth fullwidth-box fusion-builder-row-4 nonhundred-percent-fullwidth non-hundred-percent-height-scrolling fusion-equal-height-columns\" style=\"background-color: rgba(255,255,255,0.5);background-position: center center;background-repeat: no-repeat;padding-top:40px;padding-right:0px;padding-bottom:40px;padding-left:0px;margin-bottom: 0px;margin-top: 0px;border-width: 0px 0px 0px 0px;border-color:#e2e2e2;border-style:solid;\" ><div class=\"fusion-builder-row fusion-row\"><div class=\"fusion-layout-column fusion_builder_column fusion-builder-column-4 fusion_builder_column_1_4 1_4 fusion-one-fourth fusion-column-first\" style=\"width:25%;width:calc(25% - ( ( 4% + 4% ) * 0.25 ) );margin-right: 4%;margin-top:0px;margin-bottom:20px;\"><div class=\"fusion-column-wrapper fusion-flex-column-wrapper-legacy\" style=\"background-position:left top;background-repeat:no-repeat;-webkit-background-size:cover;-moz-background-size:cover;-o-background-size:cover;background-size:cover;padding: 0px 0px 0px 0px;\"><div class=\"fusion-clearfix\"><\/div><\/div><\/div><div class=\"fusion-layout-column fusion_builder_column fusion-builder-column-5 fusion_builder_column_1_2 1_2 fusion-one-half\" style=\"width:50%;width:calc(50% - ( ( 4% + 4% ) * 0.5 ) );margin-right: 4%;margin-top:0px;margin-bottom:20px;\"><div class=\"fusion-column-wrapper fusion-flex-column-wrapper-legacy\" style=\"background-position:left top;background-repeat:no-repeat;-webkit-background-size:cover;-moz-background-size:cover;-o-background-size:cover;background-size:cover;padding: 20px 0px 0px 0px;\"><div id=\"buttonboxq\">\n<a href=\"\/en\/contact\/\"><button class=\"outlinerbuttonq\">Connect<\/button><\/a>\n\n\n<div class=\"fusion-clearfix\"><\/div><\/div><\/div><div class=\"fusion-layout-column fusion_builder_column fusion-builder-column-6 fusion_builder_column_1_4 1_4 fusion-one-fourth fusion-column-last\" style=\"width:25%;width:calc(25% - ( ( 4% + 4% ) * 0.25 ) );margin-top:0px;margin-bottom:20px;\"><div class=\"fusion-column-wrapper fusion-flex-column-wrapper-legacy\" style=\"background-position:left top;background-repeat:no-repeat;-webkit-background-size:cover;-moz-background-size:cover;-o-background-size:cover;background-size:cover;padding: 0px 0px 0px 0px;\"><div class=\"fusion-clearfix\"><\/div><\/div><\/div><\/div><\/div><\/p>","protected":false},"excerpt":{"rendered":"","protected":false},"author":2,"featured_media":0,"parent":230,"menu_order":0,"comment_status":"closed","ping_status":"closed","template":"100-width.php","meta":{"footnotes":""},"class_list":["post-1377","page","type-page","status-publish","hentry"],"yoast_head":"<!-- This site is optimized with the Yoast SEO plugin v26.4 - https:\/\/yoast.com\/wordpress\/plugins\/seo\/ -->\n<title>Vigilanz - corlife<\/title>\n<meta name=\"robots\" content=\"index, follow, max-snippet:-1, max-image-preview:large, max-video-preview:-1\" \/>\n<link rel=\"canonical\" href=\"https:\/\/corlife.eu\/en\/professionals\/vigilance\/\" \/>\n<meta property=\"og:locale\" content=\"en_GB\" \/>\n<meta property=\"og:type\" content=\"article\" \/>\n<meta property=\"og:title\" content=\"Vigilanz - corlife\" \/>\n<meta property=\"og:url\" content=\"https:\/\/corlife.eu\/en\/professionals\/vigilance\/\" \/>\n<meta property=\"og:site_name\" content=\"corlife\" \/>\n<meta property=\"article:modified_time\" content=\"2025-01-20T10:51:23+00:00\" \/>\n<meta name=\"twitter:card\" content=\"summary_large_image\" \/>\n<meta name=\"twitter:label1\" content=\"Estimated reading time\" \/>\n\t<meta name=\"twitter:data1\" content=\"18 minutes\" \/>\n<script type=\"application\/ld+json\" class=\"yoast-schema-graph\">{\"@context\":\"https:\/\/schema.org\",\"@graph\":[{\"@type\":\"WebPage\",\"@id\":\"https:\/\/corlife.eu\/professionals\/vigilance\/\",\"url\":\"https:\/\/corlife.eu\/professionals\/vigilance\/\",\"name\":\"Vigilanz - corlife\",\"isPartOf\":{\"@id\":\"https:\/\/corlife.eu\/#website\"},\"datePublished\":\"2020-09-23T16:45:07+00:00\",\"dateModified\":\"2025-01-20T10:51:23+00:00\",\"breadcrumb\":{\"@id\":\"https:\/\/corlife.eu\/professionals\/vigilance\/#breadcrumb\"},\"inLanguage\":\"en-GB\",\"potentialAction\":[{\"@type\":\"ReadAction\",\"target\":[\"https:\/\/corlife.eu\/professionals\/vigilance\/\"]}]},{\"@type\":\"BreadcrumbList\",\"@id\":\"https:\/\/corlife.eu\/professionals\/vigilance\/#breadcrumb\",\"itemListElement\":[{\"@type\":\"ListItem\",\"position\":1,\"name\":\"Home\",\"item\":\"https:\/\/corlife.eu\/\"},{\"@type\":\"ListItem\",\"position\":2,\"name\":\"Fachkreise\",\"item\":\"https:\/\/corlife.eu\/professionals\/\"},{\"@type\":\"ListItem\",\"position\":3,\"name\":\"Vigilanz\"}]},{\"@type\":\"WebSite\",\"@id\":\"https:\/\/corlife.eu\/#website\",\"url\":\"https:\/\/corlife.eu\/\",\"name\":\"corlife\",\"description\":\"regenerate to recover\",\"publisher\":{\"@id\":\"https:\/\/corlife.eu\/#organization\"},\"potentialAction\":[{\"@type\":\"SearchAction\",\"target\":{\"@type\":\"EntryPoint\",\"urlTemplate\":\"https:\/\/corlife.eu\/?s={search_term_string}\"},\"query-input\":{\"@type\":\"PropertyValueSpecification\",\"valueRequired\":true,\"valueName\":\"search_term_string\"}}],\"inLanguage\":\"en-GB\"},{\"@type\":\"Organization\",\"@id\":\"https:\/\/corlife.eu\/#organization\",\"name\":\"corlife\",\"url\":\"https:\/\/corlife.eu\/\",\"logo\":{\"@type\":\"ImageObject\",\"inLanguage\":\"en-GB\",\"@id\":\"https:\/\/corlife.eu\/#\/schema\/logo\/image\/\",\"url\":\"https:\/\/corlife.eu\/wp-content\/uploads\/2024\/06\/corlife-logo-S-1.jpg\",\"contentUrl\":\"https:\/\/corlife.eu\/wp-content\/uploads\/2024\/06\/corlife-logo-S-1.jpg\",\"width\":300,\"height\":78,\"caption\":\"corlife\"},\"image\":{\"@id\":\"https:\/\/corlife.eu\/#\/schema\/logo\/image\/\"},\"sameAs\":[\"https:\/\/www.linkedin.com\/company\/corlifeeu\"]}]}<\/script>\n<!-- \/ Yoast SEO plugin. -->","yoast_head_json":{"title":"Vigilanz - corlife","robots":{"index":"index","follow":"follow","max-snippet":"max-snippet:-1","max-image-preview":"max-image-preview:large","max-video-preview":"max-video-preview:-1"},"canonical":"https:\/\/corlife.eu\/en\/professionals\/vigilance\/","og_locale":"en_GB","og_type":"article","og_title":"Vigilanz - corlife","og_url":"https:\/\/corlife.eu\/en\/professionals\/vigilance\/","og_site_name":"corlife","article_modified_time":"2025-01-20T10:51:23+00:00","twitter_card":"summary_large_image","twitter_misc":{"Estimated reading time":"18 minutes"},"schema":{"@context":"https:\/\/schema.org","@graph":[{"@type":"WebPage","@id":"https:\/\/corlife.eu\/professionals\/vigilance\/","url":"https:\/\/corlife.eu\/professionals\/vigilance\/","name":"Vigilanz - corlife","isPartOf":{"@id":"https:\/\/corlife.eu\/#website"},"datePublished":"2020-09-23T16:45:07+00:00","dateModified":"2025-01-20T10:51:23+00:00","breadcrumb":{"@id":"https:\/\/corlife.eu\/professionals\/vigilance\/#breadcrumb"},"inLanguage":"en-GB","potentialAction":[{"@type":"ReadAction","target":["https:\/\/corlife.eu\/professionals\/vigilance\/"]}]},{"@type":"BreadcrumbList","@id":"https:\/\/corlife.eu\/professionals\/vigilance\/#breadcrumb","itemListElement":[{"@type":"ListItem","position":1,"name":"Home","item":"https:\/\/corlife.eu\/"},{"@type":"ListItem","position":2,"name":"Fachkreise","item":"https:\/\/corlife.eu\/professionals\/"},{"@type":"ListItem","position":3,"name":"Vigilanz"}]},{"@type":"WebSite","@id":"https:\/\/corlife.eu\/#website","url":"https:\/\/corlife.eu\/","name":"corlife","description":"regenerate to recover","publisher":{"@id":"https:\/\/corlife.eu\/#organization"},"potentialAction":[{"@type":"SearchAction","target":{"@type":"EntryPoint","urlTemplate":"https:\/\/corlife.eu\/?s={search_term_string}"},"query-input":{"@type":"PropertyValueSpecification","valueRequired":true,"valueName":"search_term_string"}}],"inLanguage":"en-GB"},{"@type":"Organization","@id":"https:\/\/corlife.eu\/#organization","name":"corlife","url":"https:\/\/corlife.eu\/","logo":{"@type":"ImageObject","inLanguage":"en-GB","@id":"https:\/\/corlife.eu\/#\/schema\/logo\/image\/","url":"https:\/\/corlife.eu\/wp-content\/uploads\/2024\/06\/corlife-logo-S-1.jpg","contentUrl":"https:\/\/corlife.eu\/wp-content\/uploads\/2024\/06\/corlife-logo-S-1.jpg","width":300,"height":78,"caption":"corlife"},"image":{"@id":"https:\/\/corlife.eu\/#\/schema\/logo\/image\/"},"sameAs":["https:\/\/www.linkedin.com\/company\/corlifeeu"]}]}},"_links":{"self":[{"href":"https:\/\/corlife.eu\/en\/wp-json\/wp\/v2\/pages\/1377","targetHints":{"allow":["GET"]}}],"collection":[{"href":"https:\/\/corlife.eu\/en\/wp-json\/wp\/v2\/pages"}],"about":[{"href":"https:\/\/corlife.eu\/en\/wp-json\/wp\/v2\/types\/page"}],"author":[{"embeddable":true,"href":"https:\/\/corlife.eu\/en\/wp-json\/wp\/v2\/users\/2"}],"replies":[{"embeddable":true,"href":"https:\/\/corlife.eu\/en\/wp-json\/wp\/v2\/comments?post=1377"}],"version-history":[{"count":58,"href":"https:\/\/corlife.eu\/en\/wp-json\/wp\/v2\/pages\/1377\/revisions"}],"predecessor-version":[{"id":2940,"href":"https:\/\/corlife.eu\/en\/wp-json\/wp\/v2\/pages\/1377\/revisions\/2940"}],"up":[{"embeddable":true,"href":"https:\/\/corlife.eu\/en\/wp-json\/wp\/v2\/pages\/230"}],"wp:attachment":[{"href":"https:\/\/corlife.eu\/en\/wp-json\/wp\/v2\/media?parent=1377"}],"curies":[{"name":"wp","href":"https:\/\/api.w.org\/{rel}","templated":true}]}}