{"id":3040,"date":"2025-11-18T18:01:48","date_gmt":"2025-11-18T17:01:48","guid":{"rendered":"https:\/\/corlife.eu\/?page_id=3040"},"modified":"2025-11-21T14:14:41","modified_gmt":"2025-11-21T13:14:41","slug":"ta_qk","status":"publish","type":"page","link":"https:\/\/corlife.eu\/en\/ta_qk\/","title":{"rendered":"Technischer Angestellter (m\/w\/d) f\u00fcr die Qualit\u00e4tskontrolle"},"content":{"rendered":"<div class=\"fusion-fullwidth fullwidth-box fusion-builder-row-1 fusion-flex-container nonhundred-percent-fullwidth non-hundred-percent-height-scrolling\" style=\"background-color: rgba(255,255,255,0);background-position: center center;background-repeat: no-repeat;border-width: 0px 0px 0px 0px;border-color:#e2e2e2;border-style:solid;\" ><div class=\"fusion-builder-row fusion-row fusion-flex-align-items-flex-start\" style=\"max-width:1040px;margin-left: calc(-4% \/ 2 );margin-right: calc(-4% \/ 2 );\"><div class=\"fusion-layout-column fusion_builder_column fusion-builder-column-0 fusion_builder_column_1_1 1_1 fusion-flex-column\"><div class=\"fusion-column-wrapper fusion-flex-justify-content-flex-start fusion-content-layout-column\" style=\"background-position:left top;background-repeat:no-repeat;-webkit-background-size:cover;-moz-background-size:cover;-o-background-size:cover;background-size:cover;padding: 0px 0px 0px 0px;\"><div class=\"fusion-text fusion-text-1 fusion-text-no-margin\" style=\"margin-bottom:40px;\"><h4 style=\"text-align: center;\"><strong>Wir suchen:<\/strong><\/h4>\n<h3 style=\"text-align: center;\">Technische Angestellte (m\/w\/d) f\u00fcr die Qualit\u00e4tskontrolle<\/h3>\n<\/div><div id=\"buttonboxq\">\n<a href=\"mailto:bewerbung@corlife.eu?subject=Bewerbung%20als%20Technische%2Fr%20Angestellte%2Fr\"><button class=\"outlinerbuttonq\">Jetzt bewerben<\/button><\/a>\n<\/div><div class=\"fusion-text fusion-text-2 fusion-text-no-margin\" style=\"margin-top:60px;margin-bottom:40px;\"><p><strong>Jedes 1.000. Kind wird mit einem behandlungsbed\u00fcrftigen Herzfehler geboren.<\/strong><\/p>\n<p>Wachstum, k\u00f6rperliche Aktivit\u00e4t und das Immunsystem stellen h\u00f6chste Anforderungen an Herzklappen-Prothesen. Klinische Studien zeigen, dass zellfreie Allotransplantate diesen Belastungen besser standhalten als konventionelle Implantate.<br \/>\nBei corlife werden Herzklappen aus der Gewebespende durch ein physikalisch-chemisches Verfahren vollst\u00e4ndig von Zellen befreit. Das Ergebnis ist ein regenerationsf\u00e4higes, zellfreies Allotransplantat \u2013 die Grundlage f\u00fcr eine besonders gute Vertr\u00e4glichkeit und langfristige Haltbarkeit.<\/p>\n<p><strong>Wir suchen einen Technischen Angestellten (m\/w\/d) f\u00fcr die Qualit\u00e4tskontrolle zum n\u00e4chstm\u00f6glichen Zeitpunkt.<\/strong><\/p>\n<p>Als Technische Angestellte oder Technischer Angestellter in der Qualit\u00e4tskontrolle f\u00fchren Sie nach einer ausf\u00fchrlichen Einarbeitung Qualit\u00e4tskontrollpr\u00fcfungen an humanen Blut- und Gewebeproben, Gewebezubereitungen sowie Umgebungsproben durch. Dar\u00fcber hinaus wirken Sie bei der Bearbeitung von Gewebespenden zu \u201ezellfreien Allografts\u201c mit.<\/p>\n<p><strong>Qualifikation:<\/strong><\/p>\n<ul>\n<li>Abgeschlossene Berufsausbildung als BTA oder in einem verwandten Fachbereich.<\/li>\n<li>Flie\u00dfende Deutschkenntnisse in Wort und Schrift; Grundkenntnisse in Englisch sind w\u00fcnschenswert, jedoch nicht zwingend erforderlich.<\/li>\n<li>W\u00fcnschenswert sind zudem Erfahrungen in der mikrobiologischen und biochemischen Analytik, im Qualit\u00e4tsmanagement und im Umgang mit LIMS-Systemen. Uns ist bewusst, dass Sie diese Erfahrungen m\u00f6glicherweise noch nicht mitbringen.<\/li>\n<\/ul>\n<p>Ihre T\u00e4tigkeit findet in einer vielseitigen Arbeitsumgebung statt, die Laborbereiche der Sicherheitsstufen S1 und S2, einen Reinraum der Klasse C sowie B\u00fcroarbeitspl\u00e4tze umfasst. Bitte beachten Sie, dass Labor und Reinraum nicht barrierefrei sind.<br \/>\nWir bieten Ihnen eine sinnstiftende und anspruchsvolle Aufgabe mit hoher gesellschaftlicher Relevanz in einem kleinen, mittelst\u00e4ndischen Unternehmen.<\/p>\n<p>Haben wir Ihr Interesse geweckt? Dann freuen wir uns \u00fcber Ihre Bewerbung! Bitte senden Sie uns ein Anschreiben auf Deutsch, Ihren Lebenslauf, sowie andere relevante Dokumente (Zertifikate, Abschlusszeugnisse etc.). Mit dem Senden Ihrer Bewerbung stimmen Sie unserer <a href=\"https:\/\/corlife.eu\/en\/datenschutz\/\">Privacy Policy of corlife<\/a> zu.<\/p>\n<\/div><div id=\"buttonboxq\">\n<a href=\"mailto:bewerbung@corlife.eu?subject=Bewerbung%20als%20Technische%2Fr%20Angestellte%2Fr\"><button class=\"outlinerbuttonq\">Jetzt bewerben<\/button><\/a>\n<\/div><div class=\"fusion-builder-row fusion-builder-row-inner fusion-row fusion-flex-align-items-flex-start\" style=\"width:104% !important;max-width:104% !important;margin-left: calc(-4% \/ 2 );margin-right: calc(-4% \/ 2 );\"><div class=\"fusion-layout-column fusion_builder_column_inner fusion-builder-nested-column-0 fusion_builder_column_inner_1_1 1_1 fusion-flex-column\"><div class=\"fusion-column-wrapper fusion-flex-justify-content-flex-start fusion-content-layout-column\" style=\"background-position:left top;background-repeat:no-repeat;-webkit-background-size:cover;-moz-background-size:cover;-o-background-size:cover;background-size:cover;padding: 0px 0px 0px 0px;\"><\/div><style type=\"text\/css\">.fusion-body .fusion-builder-nested-column-0{width:100% !important;margin-top : 40px;margin-bottom : 20px;}.fusion-builder-nested-column-0 > .fusion-column-wrapper {padding-top : 0px !important;padding-right : 0px !important;margin-right : 1.92%;padding-bottom : 0px !important;padding-left : 0px !important;margin-left : 1.92%;}@media only screen and (max-width:1024px) {.fusion-body .fusion-builder-nested-column-0{width:100% !important;order : 0;}.fusion-builder-nested-column-0 > .fusion-column-wrapper {margin-right : 1.92%;margin-left : 1.92%;}}@media only screen and (max-width:500px) {.fusion-body .fusion-builder-nested-column-0{width:100% !important;order : 0;}.fusion-builder-nested-column-0 > .fusion-column-wrapper {margin-right : 1.92%;margin-left : 1.92%;}}<\/style><\/div><\/div><\/div><style type=\"text\/css\">.fusion-body .fusion-builder-column-0{width:100% !important;margin-top : 0px;margin-bottom : 0px;}.fusion-builder-column-0 > .fusion-column-wrapper {padding-top : 0px !important;padding-right : 0px !important;margin-right : 1.92%;padding-bottom : 0px !important;padding-left : 0px !important;margin-left : 1.92%;}@media only screen and (max-width:1024px) {.fusion-body .fusion-builder-column-0{width:100% !important;}.fusion-builder-column-0 > .fusion-column-wrapper {margin-right : 1.92%;margin-left : 1.92%;}}@media only screen and (max-width:500px) {.fusion-body .fusion-builder-column-0{width:100% !important;}.fusion-builder-column-0 > .fusion-column-wrapper {margin-right : 1.92%;margin-left : 1.92%;}}<\/style><\/div><\/div><style type=\"text\/css\">.fusion-body .fusion-flex-container.fusion-builder-row-1{ padding-top : 0px;margin-top : 0px;padding-right : 0px;padding-bottom : 0px;margin-bottom : 0px;padding-left : 0px;}<\/style><\/div>","protected":false},"excerpt":{"rendered":"","protected":false},"author":1,"featured_media":0,"parent":0,"menu_order":0,"comment_status":"closed","ping_status":"closed","template":"100-width.php","meta":{"footnotes":""},"class_list":["post-3040","page","type-page","status-publish","hentry"],"yoast_head":"<!-- This site is optimized with the Yoast SEO plugin v26.4 - https:\/\/yoast.com\/wordpress\/plugins\/seo\/ -->\n<title>Technischer Angestellter (m\/w\/d) f\u00fcr die Qualit\u00e4tskontrolle - corlife<\/title>\n<meta name=\"robots\" content=\"index, follow, max-snippet:-1, max-image-preview:large, max-video-preview:-1\" \/>\n<link rel=\"canonical\" href=\"https:\/\/corlife.eu\/en\/ta_qk\/\" \/>\n<meta property=\"og:locale\" content=\"en_GB\" \/>\n<meta property=\"og:type\" content=\"article\" \/>\n<meta property=\"og:title\" content=\"Technischer Angestellter (m\/w\/d) f\u00fcr die Qualit\u00e4tskontrolle - corlife\" \/>\n<meta property=\"og:url\" content=\"https:\/\/corlife.eu\/en\/ta_qk\/\" \/>\n<meta property=\"og:site_name\" content=\"corlife\" \/>\n<meta property=\"article:modified_time\" content=\"2025-11-21T13:14:41+00:00\" \/>\n<meta name=\"twitter:card\" content=\"summary_large_image\" \/>\n<meta name=\"twitter:label1\" content=\"Estimated reading time\" \/>\n\t<meta name=\"twitter:data1\" content=\"3 minutes\" \/>\n<script type=\"application\/ld+json\" class=\"yoast-schema-graph\">{\"@context\":\"https:\/\/schema.org\",\"@graph\":[{\"@type\":\"WebPage\",\"@id\":\"https:\/\/corlife.eu\/ta_qk\/\",\"url\":\"https:\/\/corlife.eu\/ta_qk\/\",\"name\":\"Technischer Angestellter (m\/w\/d) f\u00fcr die Qualit\u00e4tskontrolle - corlife\",\"isPartOf\":{\"@id\":\"https:\/\/corlife.eu\/#website\"},\"datePublished\":\"2025-11-18T17:01:48+00:00\",\"dateModified\":\"2025-11-21T13:14:41+00:00\",\"breadcrumb\":{\"@id\":\"https:\/\/corlife.eu\/ta_qk\/#breadcrumb\"},\"inLanguage\":\"en-GB\",\"potentialAction\":[{\"@type\":\"ReadAction\",\"target\":[\"https:\/\/corlife.eu\/ta_qk\/\"]}]},{\"@type\":\"BreadcrumbList\",\"@id\":\"https:\/\/corlife.eu\/ta_qk\/#breadcrumb\",\"itemListElement\":[{\"@type\":\"ListItem\",\"position\":1,\"name\":\"Home\",\"item\":\"https:\/\/corlife.eu\/\"},{\"@type\":\"ListItem\",\"position\":2,\"name\":\"Technischer Angestellter (m\/w\/d) f\u00fcr die Qualit\u00e4tskontrolle\"}]},{\"@type\":\"WebSite\",\"@id\":\"https:\/\/corlife.eu\/#website\",\"url\":\"https:\/\/corlife.eu\/\",\"name\":\"corlife\",\"description\":\"regenerate to recover\",\"publisher\":{\"@id\":\"https:\/\/corlife.eu\/#organization\"},\"potentialAction\":[{\"@type\":\"SearchAction\",\"target\":{\"@type\":\"EntryPoint\",\"urlTemplate\":\"https:\/\/corlife.eu\/?s={search_term_string}\"},\"query-input\":{\"@type\":\"PropertyValueSpecification\",\"valueRequired\":true,\"valueName\":\"search_term_string\"}}],\"inLanguage\":\"en-GB\"},{\"@type\":\"Organization\",\"@id\":\"https:\/\/corlife.eu\/#organization\",\"name\":\"corlife\",\"url\":\"https:\/\/corlife.eu\/\",\"logo\":{\"@type\":\"ImageObject\",\"inLanguage\":\"en-GB\",\"@id\":\"https:\/\/corlife.eu\/#\/schema\/logo\/image\/\",\"url\":\"https:\/\/corlife.eu\/wp-content\/uploads\/2024\/06\/corlife-logo-S-1.jpg\",\"contentUrl\":\"https:\/\/corlife.eu\/wp-content\/uploads\/2024\/06\/corlife-logo-S-1.jpg\",\"width\":300,\"height\":78,\"caption\":\"corlife\"},\"image\":{\"@id\":\"https:\/\/corlife.eu\/#\/schema\/logo\/image\/\"},\"sameAs\":[\"https:\/\/www.linkedin.com\/company\/corlifeeu\"]}]}<\/script>\n<!-- \/ Yoast SEO plugin. -->","yoast_head_json":{"title":"Technischer Angestellter (m\/w\/d) f\u00fcr die Qualit\u00e4tskontrolle - corlife","robots":{"index":"index","follow":"follow","max-snippet":"max-snippet:-1","max-image-preview":"max-image-preview:large","max-video-preview":"max-video-preview:-1"},"canonical":"https:\/\/corlife.eu\/en\/ta_qk\/","og_locale":"en_GB","og_type":"article","og_title":"Technischer Angestellter (m\/w\/d) f\u00fcr die Qualit\u00e4tskontrolle - corlife","og_url":"https:\/\/corlife.eu\/en\/ta_qk\/","og_site_name":"corlife","article_modified_time":"2025-11-21T13:14:41+00:00","twitter_card":"summary_large_image","twitter_misc":{"Estimated reading time":"3 minutes"},"schema":{"@context":"https:\/\/schema.org","@graph":[{"@type":"WebPage","@id":"https:\/\/corlife.eu\/ta_qk\/","url":"https:\/\/corlife.eu\/ta_qk\/","name":"Technischer Angestellter (m\/w\/d) f\u00fcr die Qualit\u00e4tskontrolle - corlife","isPartOf":{"@id":"https:\/\/corlife.eu\/#website"},"datePublished":"2025-11-18T17:01:48+00:00","dateModified":"2025-11-21T13:14:41+00:00","breadcrumb":{"@id":"https:\/\/corlife.eu\/ta_qk\/#breadcrumb"},"inLanguage":"en-GB","potentialAction":[{"@type":"ReadAction","target":["https:\/\/corlife.eu\/ta_qk\/"]}]},{"@type":"BreadcrumbList","@id":"https:\/\/corlife.eu\/ta_qk\/#breadcrumb","itemListElement":[{"@type":"ListItem","position":1,"name":"Home","item":"https:\/\/corlife.eu\/"},{"@type":"ListItem","position":2,"name":"Technischer Angestellter (m\/w\/d) f\u00fcr die Qualit\u00e4tskontrolle"}]},{"@type":"WebSite","@id":"https:\/\/corlife.eu\/#website","url":"https:\/\/corlife.eu\/","name":"corlife","description":"regenerate to recover","publisher":{"@id":"https:\/\/corlife.eu\/#organization"},"potentialAction":[{"@type":"SearchAction","target":{"@type":"EntryPoint","urlTemplate":"https:\/\/corlife.eu\/?s={search_term_string}"},"query-input":{"@type":"PropertyValueSpecification","valueRequired":true,"valueName":"search_term_string"}}],"inLanguage":"en-GB"},{"@type":"Organization","@id":"https:\/\/corlife.eu\/#organization","name":"corlife","url":"https:\/\/corlife.eu\/","logo":{"@type":"ImageObject","inLanguage":"en-GB","@id":"https:\/\/corlife.eu\/#\/schema\/logo\/image\/","url":"https:\/\/corlife.eu\/wp-content\/uploads\/2024\/06\/corlife-logo-S-1.jpg","contentUrl":"https:\/\/corlife.eu\/wp-content\/uploads\/2024\/06\/corlife-logo-S-1.jpg","width":300,"height":78,"caption":"corlife"},"image":{"@id":"https:\/\/corlife.eu\/#\/schema\/logo\/image\/"},"sameAs":["https:\/\/www.linkedin.com\/company\/corlifeeu"]}]}},"_links":{"self":[{"href":"https:\/\/corlife.eu\/en\/wp-json\/wp\/v2\/pages\/3040","targetHints":{"allow":["GET"]}}],"collection":[{"href":"https:\/\/corlife.eu\/en\/wp-json\/wp\/v2\/pages"}],"about":[{"href":"https:\/\/corlife.eu\/en\/wp-json\/wp\/v2\/types\/page"}],"author":[{"embeddable":true,"href":"https:\/\/corlife.eu\/en\/wp-json\/wp\/v2\/users\/1"}],"replies":[{"embeddable":true,"href":"https:\/\/corlife.eu\/en\/wp-json\/wp\/v2\/comments?post=3040"}],"version-history":[{"count":49,"href":"https:\/\/corlife.eu\/en\/wp-json\/wp\/v2\/pages\/3040\/revisions"}],"predecessor-version":[{"id":3120,"href":"https:\/\/corlife.eu\/en\/wp-json\/wp\/v2\/pages\/3040\/revisions\/3120"}],"wp:attachment":[{"href":"https:\/\/corlife.eu\/en\/wp-json\/wp\/v2\/media?parent=3040"}],"curies":[{"name":"wp","href":"https:\/\/api.w.org\/{rel}","templated":true}]}}